{"id":814,"date":"2025-10-03T16:53:23","date_gmt":"2025-10-03T16:53:23","guid":{"rendered":"https:\/\/luzconsulting.com.ar\/?page_id=814"},"modified":"2025-10-23T17:04:47","modified_gmt":"2025-10-23T17:04:47","slug":"proyectos-de-inversion","status":"publish","type":"page","link":"https:\/\/luzconsulting.com.ar\/en\/proyectos-de-inversion\/","title":{"rendered":"Proyectos de Inversi\u00f3n"},"content":{"rendered":"<p>[et_pb_section fb_built=&#8221;1&#8243; custom_padding_last_edited=&#8221;on|phone&#8221; admin_label=&#8221;Banner&#8221; _builder_version=&#8221;4.27.4&#8243; _module_preset=&#8221;default&#8221; background_image=&#8221;https:\/\/luzconsulting.com.ar\/wp-content\/uploads\/2025\/09\/PORTADA-01-1.jpg&#8221; min_height_tablet=&#8221;&#8221; min_height_phone=&#8221;&#8221; min_height_last_edited=&#8221;on|desktop&#8221; height=&#8221;100vh&#8221; height_tablet=&#8221;80vh&#8221; height_phone=&#8221;70vh&#8221; height_last_edited=&#8221;on|phone&#8221; max_height_tablet=&#8221;&#8221; max_height_phone=&#8221;&#8221; max_height_last_edited=&#8221;on|desktop&#8221; custom_margin=&#8221;0px||0px||false|false&#8221; custom_padding_tablet=&#8221;0px||0px||true|false&#8221; custom_padding_phone=&#8221;0px||0px||false|false&#8221; background_last_edited=&#8221;on|tablet&#8221; background_position_tablet=&#8221;center_left&#8221; background_position_phone=&#8221;center&#8221; background_horizontal_offset_phone=&#8221;50%&#8221; global_colors_info=&#8221;{}&#8221;][et_pb_row custom_padding_last_edited=&#8221;on|phone&#8221; _builder_version=&#8221;4.27.4&#8243; _module_preset=&#8221;default&#8221; positioning=&#8221;none&#8221; max_width=&#8221;80%&#8221; custom_margin=&#8221;|auto||auto|false|false&#8221; custom_padding=&#8221;10%||0px||false|false&#8221; custom_padding_tablet=&#8221;200px||0px||false|false&#8221; custom_padding_phone=&#8221;400px||0px||false|false&#8221; global_colors_info=&#8221;{}&#8221;][et_pb_column type=&#8221;4_4&#8243; _builder_version=&#8221;4.27.4&#8243; _module_preset=&#8221;default&#8221; global_colors_info=&#8221;{}&#8221;][et_pb_text content_tablet=&#8221;<\/p>\n<p>Proyectos<\/p>\n<p>&#8221; content_phone=&#8221;<\/p>\n<p>Proyectos de Inversi\u00f3n<\/p>\n<p>&#8221; content_last_edited=&#8221;on|phone&#8221; _builder_version=&#8221;4.27.4&#8243; _module_preset=&#8221;default&#8221; text_font=&#8221;Canaro &#8211; SemiBold||||||||&#8221; text_text_color=&#8221;#FFFFFF&#8221; text_font_size=&#8221;70px&#8221; text_line_height=&#8221;1em&#8221; custom_margin=&#8221;||5px||false|false&#8221; text_font_size_tablet=&#8221;70px&#8221; text_font_size_phone=&#8221;33px&#8221; text_font_size_last_edited=&#8221;on|phone&#8221; global_colors_info=&#8221;{}&#8221; text_font_size__hover_enabled=&#8221;off|desktop&#8221;]<\/p>\n<p>Proyectos<\/p>\n<p>[\/et_pb_text][et_pb_text disabled_on=&#8221;on|off|off&#8221; _builder_version=&#8221;4.27.4&#8243; _module_preset=&#8221;default&#8221; text_font=&#8221;Canaro &#8211; SemiBold||||||||&#8221; text_text_color=&#8221;#FFFFFF&#8221; text_font_size=&#8221;90px&#8221; text_line_height=&#8221;1.5em&#8221; custom_margin=&#8221;||5px||false|false&#8221; text_font_size_tablet=&#8221;90px&#8221; text_font_size_phone=&#8221;33px&#8221; text_font_size_last_edited=&#8221;on|phone&#8221; global_colors_info=&#8221;{}&#8221; text_font_size__hover_enabled=&#8221;off|desktop&#8221;]<\/p>\n<p>de Inversi\u00f3n<\/p>\n<p>[\/et_pb_text][et_pb_divider color=&#8221;#981815&#8243; divider_weight=&#8221;3px&#8221; _builder_version=&#8221;4.27.4&#8243; _module_preset=&#8221;default&#8221; width=&#8221;60%&#8221; width_tablet=&#8221;85%&#8221; width_phone=&#8221;100%&#8221; width_last_edited=&#8221;on|tablet&#8221; max_width_tablet=&#8221;&#8221; max_width_phone=&#8221;&#8221; max_width_last_edited=&#8221;on|tablet&#8221; custom_margin=&#8221;||0px||false|false&#8221; custom_padding=&#8221;||||false|false&#8221; global_colors_info=&#8221;{}&#8221;][\/et_pb_divider][\/et_pb_column][\/et_pb_row][\/et_pb_section][et_pb_section fb_built=&#8221;1&#8243; custom_padding_last_edited=&#8221;on|phone&#8221; admin_label=&#8221;Empresa&#8221; module_id=&#8221;empresa&#8221; _builder_version=&#8221;4.27.4&#8243; _module_preset=&#8221;default&#8221; background_color=&#8221;#2a2d34&#8243; custom_padding=&#8221;150px||150px||true|&#8221; custom_padding_tablet=&#8221;70px||70px||true|false&#8221; custom_padding_phone=&#8221;30px||30px||true|false&#8221; global_colors_info=&#8221;{}&#8221;][et_pb_row _builder_version=&#8221;4.27.4&#8243; _module_preset=&#8221;default&#8221; max_width=&#8221;80%&#8221; global_colors_info=&#8221;{}&#8221;][et_pb_column type=&#8221;4_4&#8243; _builder_version=&#8221;4.27.4&#8243; _module_preset=&#8221;default&#8221; global_colors_info=&#8221;{}&#8221;][et_pb_text disabled_on=&#8221;on|off|off&#8221; _builder_version=&#8221;4.27.4&#8243; _module_preset=&#8221;default&#8221; header_2_font=&#8221;Canaro &#8211; Bold||||||||&#8221; header_2_text_align=&#8221;left&#8221; header_2_text_color=&#8221;#FFFFFF&#8221; header_2_font_size=&#8221;34px&#8221; positioning=&#8221;relative&#8221; custom_margin=&#8221;||0px||false|false&#8221; header_2_font_size_tablet=&#8221;34px&#8221; header_2_font_size_phone=&#8221;34px&#8221; header_2_font_size_last_edited=&#8221;on|tablet&#8221; global_colors_info=&#8221;{}&#8221;]<\/p>\n<h2>INVERSION<\/h2>\n<p>[\/et_pb_text][et_pb_divider color=&#8221;#96291a&#8221; divider_weight=&#8221;3px&#8221; divider_weight_tablet=&#8221;3px&#8221; divider_weight_phone=&#8221;3px&#8221; divider_weight_last_edited=&#8221;on|tablet&#8221; disabled_on=&#8221;on|off|off&#8221; _builder_version=&#8221;4.27.4&#8243; _module_preset=&#8221;default&#8221; position_origin_a=&#8221;center_left&#8221; position_origin_f=&#8221;bottom_left&#8221; horizontal_offset=&#8221;-1330px&#8221; horizontal_offset_tablet=&#8221;-260px&#8221; horizontal_offset_phone=&#8221;-80px&#8221; horizontal_offset_last_edited=&#8221;on|tablet&#8221; width=&#8221;100%&#8221; width_tablet=&#8221;74%&#8221; width_phone=&#8221;80%&#8221; width_last_edited=&#8221;on|tablet&#8221; module_alignment=&#8221;left&#8221; custom_margin=&#8221;0px||0px||false|false&#8221; global_colors_info=&#8221;{}&#8221;][\/et_pb_divider][et_pb_text _builder_version=&#8221;4.27.4&#8243; _module_preset=&#8221;default&#8221; text_font=&#8221;Canaro &#8211; Light||||||||&#8221; text_text_color=&#8221;#FFFFFF&#8221; text_font_size=&#8221;16px&#8221; text_line_height=&#8221;50px&#8221; max_width=&#8221;97%&#8221; max_width_tablet=&#8221;97%&#8221; max_width_phone=&#8221;100%&#8221; max_width_last_edited=&#8221;on|phone&#8221; text_line_height_tablet=&#8221;50px&#8221; text_line_height_phone=&#8221;35px&#8221; text_line_height_last_edited=&#8221;on|phone&#8221; global_colors_info=&#8221;{}&#8221;]<\/p>\n<p>Luz Consulting es una consultora de negocios especializada en evaluaci\u00f3n de proyectos inversi\u00f3n, asesoramiento en la inversi\u00f3n en activos financieros en el mercado de Capitales y el asesoramiento en la inversi\u00f3n de activos reales (desarrollos inmobiliarios y fideicomisos financieros y administraci\u00f3n).<\/p>\n<p>[\/et_pb_text][\/et_pb_column][\/et_pb_row][\/et_pb_section][et_pb_section fb_built=&#8221;1&#8243; admin_label=&#8221;Empresa&#8221; module_id=&#8221;empresa&#8221; _builder_version=&#8221;4.27.4&#8243; _module_preset=&#8221;default&#8221; background_color=&#8221;RGBA(255,255,255,0)&#8221; custom_padding=&#8221;0px||0px||true|false&#8221; global_colors_info=&#8221;{}&#8221;][et_pb_row _builder_version=&#8221;4.27.4&#8243; _module_preset=&#8221;default&#8221; max_width=&#8221;80%&#8221; max_width_tablet=&#8221;75%&#8221; max_width_phone=&#8221;100%&#8221; max_width_last_edited=&#8221;on|tablet&#8221; custom_padding=&#8221;150px||150px||true|false&#8221; global_colors_info=&#8221;{}&#8221;][et_pb_column type=&#8221;4_4&#8243; _builder_version=&#8221;4.27.4&#8243; _module_preset=&#8221;default&#8221; global_colors_info=&#8221;{}&#8221;][et_pb_text content_tablet=&#8221;<\/p>\n<p style=%22text-align: left;%22>EVALUACI\u00d3N DE PROYECTOS DE INVERSI\u00d3N<\/p>\n<p>&#8221; content_phone=&#8221;<\/p>\n<p>EVALUACI\u00d3N DE PROYECTOS DE INVERSI\u00d3N<\/p>\n<p>&#8221; content_last_edited=&#8221;on|phone&#8221; _builder_version=&#8221;4.27.4&#8243; _module_preset=&#8221;default&#8221; text_font=&#8221;Canaro &#8211; Bold||||||||&#8221; text_text_color=&#8221;#921815&#8243; text_font_size=&#8221;57px&#8221; text_line_height=&#8221;1.5em&#8221; header_2_font=&#8221;Canaro &#8211; Bold||||||||&#8221; header_2_text_align=&#8221;left&#8221; header_2_text_color=&#8221;#FFFFFF&#8221; header_2_font_size=&#8221;35px&#8221; width=&#8221;60%&#8221; width_tablet=&#8221;80%&#8221; width_phone=&#8221;80%&#8221; width_last_edited=&#8221;on|tablet&#8221; custom_margin=&#8221;||0px||false|false&#8221; custom_padding_tablet=&#8221;||10px||false|false&#8221; custom_padding_phone=&#8221;||10px||false|false&#8221; custom_padding_last_edited=&#8221;on|tablet&#8221; text_font_size_tablet=&#8221;32px&#8221; text_font_size_phone=&#8221;28px&#8221; text_font_size_last_edited=&#8221;on|desktop&#8221; text_line_height_tablet=&#8221;52.8px&#8221; text_line_height_phone=&#8221;46.2px&#8221; text_line_height_last_edited=&#8221;on|tablet&#8221; text_orientation_tablet=&#8221;center&#8221; text_orientation_phone=&#8221;center&#8221; text_orientation_last_edited=&#8221;on|tablet&#8221; global_colors_info=&#8221;{}&#8221;]<\/p>\n<p>EVALUACI\u00d3N DE PROYECTOS DE INVERSI\u00d3N<\/p>\n<p>[\/et_pb_text][et_pb_text _builder_version=&#8221;4.27.4&#8243; _module_preset=&#8221;default&#8221; text_font=&#8221;Canaro &#8211; Light||||||||&#8221; text_text_color=&#8221;#3A3A3A&#8221; text_font_size=&#8221;16px&#8221; text_line_height=&#8221;48px&#8221; custom_padding=&#8221;0px||0px||true|false&#8221; custom_padding_tablet=&#8221;0px||0px||true|false&#8221; custom_padding_phone=&#8221;0px||0px||true|false&#8221; custom_padding_last_edited=&#8221;on|tablet&#8221; text_font_size_tablet=&#8221;14px&#8221; text_font_size_phone=&#8221;14px&#8221; text_font_size_last_edited=&#8221;on|tablet&#8221; text_line_height_tablet=&#8221;35px&#8221; text_line_height_phone=&#8221;35px&#8221; text_line_height_last_edited=&#8221;on|tablet&#8221; global_colors_info=&#8221;{}&#8221;]<\/p>\n<p>La evaluaci\u00f3n de un proyecto de inversi\u00f3n, tiene por objeto conocer la rentabilidad econ\u00f3mica financiera y social de un proyecto de inversi\u00f3n, de manera que resuelva una necesidad empresarial en forma eficiente, segura y rentable, asignando los recursos econ\u00f3micos con los que se cuente a la mejor alternativa de inversi\u00f3n. En la actualidad una inversi\u00f3n inteligente requiere de un proyecto bien estructurado y evaluado, que indique la pauta a seguirse como la correcta asignaci\u00f3n de recursos, homogeneizando el valor tiempo de la moneda, y decidiendo en base a los criterios defindos, previo ordenamiento de los proyectos en funci\u00f3n de su rentabilidad. Ofrecemos un servicio de evaluaci\u00f3n multidisciplinario, con un equipo compuesto por un conjunto de especialistas de diferentes disciplinas (administradores, contadores, economistas, ingenieros, psic\u00f3logos, etc.).<\/p>\n<p>[\/et_pb_text][et_pb_text content_tablet=&#8221;<\/p>\n<p style=%22text-align: left;%22>INVERSI\u00d3N EN ACTIVOS FINANCIEROS EN EL MERCADO DE CAPITALES<\/p>\n<p>&#8221; content_phone=&#8221;<\/p>\n<p style=%22text-align: left;%22>INVERSI\u00d3N EN ACTIVOS FINANCIEROS EN EL MERCADO DE CAPITALES<\/p>\n<p>&#8221; content_last_edited=&#8221;on|phone&#8221; _builder_version=&#8221;4.27.4&#8243; _module_preset=&#8221;default&#8221; text_font=&#8221;Canaro &#8211; Bold||||||||&#8221; text_text_color=&#8221;#921815&#8243; text_font_size=&#8221;57px&#8221; text_line_height=&#8221;1.5em&#8221; header_2_font=&#8221;Canaro &#8211; Bold||||||||&#8221; header_2_text_align=&#8221;left&#8221; header_2_text_color=&#8221;#FFFFFF&#8221; header_2_font_size=&#8221;35px&#8221; width=&#8221;62%&#8221; width_tablet=&#8221;80%&#8221; width_phone=&#8221;100%&#8221; width_last_edited=&#8221;on|tablet&#8221; custom_margin=&#8221;100px||0px||false|false&#8221; text_font_size_tablet=&#8221;32px&#8221; text_font_size_phone=&#8221;28px&#8221; text_font_size_last_edited=&#8221;on|desktop&#8221; text_line_height_tablet=&#8221;52.8px&#8221; text_line_height_phone=&#8221;46.2px&#8221; text_line_height_last_edited=&#8221;on|tablet&#8221; global_colors_info=&#8221;{}&#8221;]<\/p>\n<p>INVERSI\u00d3N EN ACTIVOS FINANCIEROS EN EL MERCADO DE CAPITALES<\/p>\n<p>[\/et_pb_text][et_pb_text _builder_version=&#8221;4.27.4&#8243; _module_preset=&#8221;default&#8221; text_font=&#8221;Canaro &#8211; Light||||||||&#8221; text_text_color=&#8221;#3A3A3A&#8221; text_font_size=&#8221;16px&#8221; text_line_height=&#8221;48px&#8221; custom_padding=&#8221;0px||0px||true|false&#8221; custom_padding_tablet=&#8221;0px||0px||true|false&#8221; custom_padding_phone=&#8221;0px||0px||true|false&#8221; custom_padding_last_edited=&#8221;on|tablet&#8221; text_font_size_tablet=&#8221;14px&#8221; text_font_size_phone=&#8221;14px&#8221; text_font_size_last_edited=&#8221;on|tablet&#8221; text_line_height_tablet=&#8221;35px&#8221; text_line_height_phone=&#8221;35px&#8221; text_line_height_last_edited=&#8221;on|tablet&#8221; global_colors_info=&#8221;{}&#8221;]<\/p>\n<p>Si busca invertir sin ser un experto en el tema, en Luz Consulting encontrar\u00e1 un asesoramiento profesional personalizado sobre sus objetivos de inversi\u00f3n y lo ayudar\u00e1 a evaluar y determinar la mejor combinaci\u00f3n de inversiones en acciones y bonos que se adapte a su perfil. Lo asesoramos teniendo en cuenta los aspectos cambiario, legal, impositivo y financiero de manera tal que pueda concretar su operaci\u00f3n en el Mercado de Capitales sin contratiempo.<\/p>\n<p>[\/et_pb_text][et_pb_text content_tablet=&#8221;<\/p>\n<p style=%22text-align: left;%22>INVERSIONES EN ACTIVOS REALES<\/p>\n<p>&#8221; content_phone=&#8221;<\/p>\n<p style=%22text-align: left;%22>INVERSIONES EN ACTIVOS REALES<\/p>\n<p>&#8221; content_last_edited=&#8221;on|phone&#8221; _builder_version=&#8221;4.27.4&#8243; _module_preset=&#8221;default&#8221; text_font=&#8221;Canaro &#8211; Bold||||||||&#8221; text_text_color=&#8221;#921815&#8243; text_font_size=&#8221;57px&#8221; text_line_height=&#8221;1.5em&#8221; header_2_font=&#8221;Canaro &#8211; Bold||||||||&#8221; header_2_text_align=&#8221;left&#8221; header_2_text_color=&#8221;#FFFFFF&#8221; header_2_font_size=&#8221;35px&#8221; width=&#8221;50%&#8221; width_tablet=&#8221;71%&#8221; width_phone=&#8221;100%&#8221; width_last_edited=&#8221;on|tablet&#8221; custom_margin=&#8221;100px||0px||false|false&#8221; text_font_size_tablet=&#8221;32px&#8221; text_font_size_phone=&#8221;28px&#8221; text_font_size_last_edited=&#8221;on|desktop&#8221; text_line_height_tablet=&#8221;52.8px&#8221; text_line_height_phone=&#8221;46.2px&#8221; text_line_height_last_edited=&#8221;on|tablet&#8221; global_colors_info=&#8221;{}&#8221;]<\/p>\n<p>INVERSIONES EN ACTIVOS REALES<\/p>\n<p>[\/et_pb_text][et_pb_text content_tablet=&#8221;<\/p>\n<section class=%22av_textblock_section av-kuz59gg9-c9b649d1c0d78733e5e29db606c99f17 %22 itemscope=%22itemscope%22 itemtype=%22https:\/\/schema.org\/CreativeWork%22>\n<div class=%22avia_textblock titulo-s av_inherit_color%22 itemprop=%22text%22>\n<p>(DESARROLLOS INMOBILIARIOS Y FIDEICOMISOS FINANCIEROS Y ADMINISTRACI\u00d3N)<\/p>\n<\/div>\n<\/section>\n<section class=%22av_textblock_section av-kkvlv3j5-f0e85b260dce71a833a370da606346fb %22 itemscope=%22itemscope%22 itemtype=%22https:\/\/schema.org\/CreativeWork%22>\n<div class=%22avia_textblock desc-s av_inherit_color%22 itemprop=%22text%22><\/div>\n<\/section>\n<p>&#8221; content_phone=&#8221;<\/p>\n<section class=%22av_textblock_section av-kuz59gg9-c9b649d1c0d78733e5e29db606c99f17 %22 itemscope=%22itemscope%22 itemtype=%22https:\/\/schema.org\/CreativeWork%22>\n<div class=%22avia_textblock titulo-s av_inherit_color%22 itemprop=%22text%22>\n<p>(DESARROLLOS INMOBILIARIOS Y FIDEICOMISOS FINANCIEROS Y ADMINISTRACI\u00d3N)<\/p>\n<\/div>\n<\/section>\n<section class=%22av_textblock_section av-kkvlv3j5-f0e85b260dce71a833a370da606346fb %22 itemscope=%22itemscope%22 itemtype=%22https:\/\/schema.org\/CreativeWork%22>\n<div class=%22avia_textblock desc-s av_inherit_color%22 itemprop=%22text%22><\/div>\n<\/section>\n<p>&#8221; content_last_edited=&#8221;on|desktop&#8221; _builder_version=&#8221;4.27.4&#8243; _module_preset=&#8221;default&#8221; text_font=&#8221;Canaro &#8211; Bold||||||||&#8221; text_text_color=&#8221;#921815&#8243; text_font_size=&#8221;32px&#8221; text_line_height=&#8221;1.5em&#8221; header_2_font=&#8221;Canaro &#8211; Bold||||||||&#8221; header_2_text_align=&#8221;left&#8221; header_2_text_color=&#8221;#FFFFFF&#8221; header_2_font_size=&#8221;35px&#8221; width=&#8221;100%&#8221; width_tablet=&#8221;80%&#8221; width_phone=&#8221;100%&#8221; width_last_edited=&#8221;on|tablet&#8221; custom_margin=&#8221;0px||0px||false|false&#8221; text_font_size_tablet=&#8221;28px&#8221; text_font_size_phone=&#8221;22px&#8221; text_font_size_last_edited=&#8221;on|phone&#8221; text_line_height_tablet=&#8221;52.8px&#8221; text_line_height_phone=&#8221;46.2px&#8221; text_line_height_last_edited=&#8221;on|tablet&#8221; global_colors_info=&#8221;{}&#8221;]<\/p>\n<section class=\"av_textblock_section av-kuz59gg9-c9b649d1c0d78733e5e29db606c99f17 \" itemscope=\"itemscope\" itemtype=\"https:\/\/schema.org\/CreativeWork\">\n<div class=\"avia_textblock titulo-s av_inherit_color\" itemprop=\"text\">\n<p>(DESARROLLOS INMOBILIARIOS Y FIDEICOMISOS FINANCIEROS Y ADMINISTRACI\u00d3N)<\/p>\n<\/div>\n<\/section>\n<section class=\"av_textblock_section av-kkvlv3j5-f0e85b260dce71a833a370da606346fb \" itemscope=\"itemscope\" itemtype=\"https:\/\/schema.org\/CreativeWork\">\n<div class=\"avia_textblock desc-s av_inherit_color\" itemprop=\"text\"><\/div>\n<\/section>\n<p>[\/et_pb_text][et_pb_text content_tablet=&#8221;<\/p>\n<p>Posibilitamos el acceso a la inversi\u00f3n en activos reales, tales como negocios, emprendimientos, desarrollos inmobiliarios de d\u00faplex, edificios, oficinas, departamentos y terrenos, fideicomisos (financieros y administraci\u00f3n), entre otros. Ofrecemos a nuestros clientes la posibilidad de realizar inversiones seguras vinculadas a las diferentes alternativas nombradas.<\/p>\n<p>&#8221; content_phone=&#8221;<\/p>\n<p>Posibilitamos el acceso a la inversi\u00f3n en activos reales, tales como negocios, emprendimientos, desarrollos inmobiliarios de d\u00faplex, edificios, oficinas, departamentos y terrenos, fideicomisos (financieros y administraci\u00f3n), entre otros. Ofrecemos a nuestros clientes la posibilidad de realizar inversiones seguras vinculadas a las diferentes alternativas nombradas.<\/p>\n<p>&#8221; content_last_edited=&#8221;on|phone&#8221; _builder_version=&#8221;4.27.4&#8243; _module_preset=&#8221;default&#8221; text_font=&#8221;Canaro &#8211; Light||||||||&#8221; text_text_color=&#8221;#3A3A3A&#8221; text_font_size=&#8221;16px&#8221; text_line_height=&#8221;48px&#8221; custom_padding=&#8221;0px||0px||true|false&#8221; custom_padding_tablet=&#8221;0px||0px||true|false&#8221; custom_padding_phone=&#8221;0px||0px||true|false&#8221; custom_padding_last_edited=&#8221;on|tablet&#8221; text_font_size_tablet=&#8221;14px&#8221; text_font_size_phone=&#8221;14px&#8221; text_font_size_last_edited=&#8221;on|tablet&#8221; text_line_height_tablet=&#8221;35px&#8221; text_line_height_phone=&#8221;35px&#8221; text_line_height_last_edited=&#8221;on|tablet&#8221; global_colors_info=&#8221;{}&#8221;]<\/p>\n<p>Posibilitamos el acceso a la inversi\u00f3n en activos reales, tales como negocios, emprendimientos, desarrollos inmobiliarios de d\u00faplex, edificios, oficinas, departamentos y terrenos, fideicomisos (financieros y administraci\u00f3n), entre otros. Ofrecemos a nuestros clientes la posibilidad de realizar inversiones seguras vinculadas a las diferentes alternativas nombradas.<\/p>\n<p>[\/et_pb_text][\/et_pb_column][\/et_pb_row][\/et_pb_section][et_pb_section fb_built=&#8221;1&#8243; custom_padding_last_edited=&#8221;off|phone&#8221; _builder_version=&#8221;4.27.4&#8243; _module_preset=&#8221;default&#8221; background_enable_color=&#8221;off&#8221; background_image=&#8221;https:\/\/luzconsulting.com.ar\/wp-content\/uploads\/2025\/09\/PORTADA-1-1.jpg&#8221; background_position=&#8221;top_center&#8221; background_vertical_offset=&#8221;45%&#8221; height=&#8221;65vh&#8221; height_tablet=&#8221;50vh&#8221; height_phone=&#8221;30vh&#8221; height_last_edited=&#8221;on|phone&#8221; custom_padding=&#8221;||||true|false&#8221; custom_padding_tablet=&#8221;250px||250px||true|false&#8221; custom_padding_phone=&#8221;100px||100px||true|false&#8221; background_last_edited=&#8221;on|phone&#8221; background_size_phone=&#8221;cover&#8221; background_image_width_phone=&#8221;0%&#8221; background_image_height_phone=&#8221;65%&#8221; background_vertical_offset_phone=&#8221;42%&#8221; global_colors_info=&#8221;{}&#8221;][\/et_pb_section]<\/p>\n","protected":false},"excerpt":{"rendered":"<p>Proyectosde Inversi\u00f3nINVERSIONLuz Consulting es una consultora de negocios especializada en evaluaci\u00f3n de proyectos inversi\u00f3n, asesoramiento en la inversi\u00f3n en activos financieros en el mercado de Capitales y el asesoramiento en la inversi\u00f3n de activos reales (desarrollos inmobiliarios y fideicomisos financieros y administraci\u00f3n).EVALUACI\u00d3N DE PROYECTOS DE INVERSI\u00d3NLa evaluaci\u00f3n de un proyecto de inversi\u00f3n, tiene por objeto [&hellip;]<\/p>\n","protected":false},"author":3,"featured_media":0,"parent":0,"menu_order":0,"comment_status":"closed","ping_status":"closed","template":"","meta":{"_et_pb_use_builder":"on","_et_pb_old_content":"","_et_gb_content_width":"","footnotes":""},"class_list":["post-814","page","type-page","status-publish","hentry"],"_links":{"self":[{"href":"https:\/\/luzconsulting.com.ar\/en\/wp-json\/wp\/v2\/pages\/814","targetHints":{"allow":["GET"]}}],"collection":[{"href":"https:\/\/luzconsulting.com.ar\/en\/wp-json\/wp\/v2\/pages"}],"about":[{"href":"https:\/\/luzconsulting.com.ar\/en\/wp-json\/wp\/v2\/types\/page"}],"author":[{"embeddable":true,"href":"https:\/\/luzconsulting.com.ar\/en\/wp-json\/wp\/v2\/users\/3"}],"replies":[{"embeddable":true,"href":"https:\/\/luzconsulting.com.ar\/en\/wp-json\/wp\/v2\/comments?post=814"}],"version-history":[{"count":15,"href":"https:\/\/luzconsulting.com.ar\/en\/wp-json\/wp\/v2\/pages\/814\/revisions"}],"predecessor-version":[{"id":1803,"href":"https:\/\/luzconsulting.com.ar\/en\/wp-json\/wp\/v2\/pages\/814\/revisions\/1803"}],"wp:attachment":[{"href":"https:\/\/luzconsulting.com.ar\/en\/wp-json\/wp\/v2\/media?parent=814"}],"curies":[{"name":"wp","href":"https:\/\/api.w.org\/{rel}","templated":true}]}}