{"id":510,"date":"2025-09-26T15:57:24","date_gmt":"2025-09-26T15:57:24","guid":{"rendered":"https:\/\/luzconsulting.com.ar\/?page_id=510"},"modified":"2025-10-13T14:12:41","modified_gmt":"2025-10-13T14:12:41","slug":"coaching-ontologico","status":"publish","type":"page","link":"https:\/\/luzconsulting.com.ar\/en\/coaching-ontologico\/","title":{"rendered":"Coaching Ontol\u00f3gico"},"content":{"rendered":"<p>[et_pb_section fb_built=&#8221;1&#8243; custom_padding_last_edited=&#8221;on|phone&#8221; admin_label=&#8221;Banner&#8221; _builder_version=&#8221;4.27.4&#8243; _module_preset=&#8221;default&#8221; background_image=&#8221;https:\/\/luzconsulting.com.ar\/wp-content\/uploads\/2025\/09\/hiring-waitress.webp&#8221; background_position=&#8221;top_right&#8221; background_vertical_offset=&#8221;26%&#8221; min_height_tablet=&#8221;&#8221; min_height_phone=&#8221;&#8221; min_height_last_edited=&#8221;on|desktop&#8221; height=&#8221;100vh&#8221; height_tablet=&#8221;80vh&#8221; height_phone=&#8221;70vh&#8221; height_last_edited=&#8221;on|phone&#8221; max_height_tablet=&#8221;&#8221; max_height_phone=&#8221;&#8221; max_height_last_edited=&#8221;on|desktop&#8221; custom_margin=&#8221;0px||0px||false|false&#8221; custom_padding=&#8221;0px||0px||true|false&#8221; custom_padding_tablet=&#8221;0px||0px||true|false&#8221; custom_padding_phone=&#8221;0px||0px||false|false&#8221; background_color_phone=&#8221;rgba(255,255,255,0.19)&#8221; background_last_edited=&#8221;on|desktop&#8221; background_enable_color_phone=&#8221;on&#8221; background_position_tablet=&#8221;center_left&#8221; background_position_phone=&#8221;center_right&#8221; background_horizontal_offset_tablet=&#8221;17%&#8221; background_horizontal_offset_phone=&#8221;53%&#8221; background_blend_phone=&#8221;color&#8221; global_colors_info=&#8221;{}&#8221;][et_pb_row custom_padding_last_edited=&#8221;on|phone&#8221; _builder_version=&#8221;4.27.4&#8243; _module_preset=&#8221;default&#8221; positioning=&#8221;none&#8221; max_width=&#8221;80%&#8221; custom_margin=&#8221;|auto||auto|false|false&#8221; custom_padding=&#8221;25%||||false|false&#8221; custom_padding_tablet=&#8221;300px||||false|false&#8221; custom_padding_phone=&#8221;450px||||false|false&#8221; global_colors_info=&#8221;{}&#8221;][et_pb_column type=&#8221;4_4&#8243; _builder_version=&#8221;4.27.4&#8243; _module_preset=&#8221;default&#8221; global_colors_info=&#8221;{}&#8221;][et_pb_text content_tablet=&#8221;<\/p>\n<p>Coaching Ontol\u00f3gico<\/p>\n<p>&#8221; content_phone=&#8221;<\/p>\n<p>Coaching<br \/>Ontol\u00f3gico<\/p>\n<p>&#8221; content_last_edited=&#8221;on|phone&#8221; disabled_on=&#8221;off|off|off&#8221; _builder_version=&#8221;4.27.4&#8243; _module_preset=&#8221;default&#8221; text_font=&#8221;Canaro &#8211; SemiBold||||||||&#8221; text_text_color=&#8221;#FFFFFF&#8221; text_font_size=&#8221;60px&#8221; text_line_height=&#8221;1.5em&#8221; custom_margin=&#8221;||||false|false&#8221; custom_margin_last_edited=&#8221;off|phone&#8221; text_font_size_tablet=&#8221;60px&#8221; text_font_size_phone=&#8221;33px&#8221; text_font_size_last_edited=&#8221;on|phone&#8221; global_colors_info=&#8221;{}&#8221; text_font_size__hover_enabled=&#8221;off|desktop&#8221;]<\/p>\n<p>Coaching Ontol\u00f3gico<\/p>\n<p>[\/et_pb_text][et_pb_divider color=&#8221;#981815&#8243; divider_weight=&#8221;3px&#8221; _builder_version=&#8221;4.27.4&#8243; _module_preset=&#8221;default&#8221; width=&#8221;50%&#8221; width_tablet=&#8221;100%&#8221; width_phone=&#8221;60%&#8221; width_last_edited=&#8221;on|phone&#8221; max_width_tablet=&#8221;&#8221; max_width_phone=&#8221;&#8221; max_width_last_edited=&#8221;on|tablet&#8221; custom_margin=&#8221;||0px||false|false&#8221; custom_padding=&#8221;||||false|false&#8221; global_colors_info=&#8221;{}&#8221;][\/et_pb_divider][\/et_pb_column][\/et_pb_row][\/et_pb_section][et_pb_section fb_built=&#8221;1&#8243; custom_padding_last_edited=&#8221;on|phone&#8221; admin_label=&#8221;Empresa&#8221; module_id=&#8221;empresa&#8221; _builder_version=&#8221;4.27.4&#8243; _module_preset=&#8221;default&#8221; background_color=&#8221;#2a2d34&#8243; custom_padding=&#8221;150px||150px||true|&#8221; custom_padding_tablet=&#8221;70px||70px||true|false&#8221; custom_padding_phone=&#8221;30px||30px||true|false&#8221; global_colors_info=&#8221;{}&#8221;][et_pb_row _builder_version=&#8221;4.27.4&#8243; _module_preset=&#8221;default&#8221; max_width=&#8221;80%&#8221; global_colors_info=&#8221;{}&#8221;][et_pb_column type=&#8221;4_4&#8243; _builder_version=&#8221;4.27.4&#8243; _module_preset=&#8221;default&#8221; global_colors_info=&#8221;{}&#8221;][et_pb_text disabled_on=&#8221;on|off|off&#8221; _builder_version=&#8221;4.27.4&#8243; _module_preset=&#8221;default&#8221; header_2_font=&#8221;Canaro &#8211; Bold||||||||&#8221; header_2_text_align=&#8221;left&#8221; header_2_text_color=&#8221;#FFFFFF&#8221; header_2_font_size=&#8221;34px&#8221; custom_margin=&#8221;||0px||false|false&#8221; header_2_font_size_tablet=&#8221;34px&#8221; header_2_font_size_phone=&#8221;34px&#8221; header_2_font_size_last_edited=&#8221;on|tablet&#8221; global_colors_info=&#8221;{}&#8221;]<\/p>\n<h2><span>COACHING<\/span><\/h2>\n<p>[\/et_pb_text][et_pb_divider color=&#8221;#96291a&#8221; divider_weight=&#8221;3px&#8221; divider_weight_tablet=&#8221;3px&#8221; divider_weight_phone=&#8221;3px&#8221; divider_weight_last_edited=&#8221;on|tablet&#8221; disabled_on=&#8221;on|off|off&#8221; _builder_version=&#8221;4.27.4&#8243; _module_preset=&#8221;default&#8221; position_origin_a=&#8221;center_left&#8221; position_origin_f=&#8221;bottom_left&#8221; horizontal_offset=&#8221;-1335px&#8221; horizontal_offset_tablet=&#8221;-80px&#8221; horizontal_offset_phone=&#8221;-80px&#8221; horizontal_offset_last_edited=&#8221;on|tablet&#8221; width=&#8221;100%&#8221; width_tablet=&#8221;81%&#8221; width_phone=&#8221;80%&#8221; width_last_edited=&#8221;on|tablet&#8221; module_alignment=&#8221;left&#8221; custom_margin=&#8221;0px||0px||false|false&#8221; global_colors_info=&#8221;{}&#8221;][\/et_pb_divider][et_pb_text _builder_version=&#8221;4.27.4&#8243; _module_preset=&#8221;default&#8221; text_font=&#8221;Canaro &#8211; Light||||||||&#8221; text_text_color=&#8221;#FFFFFF&#8221; text_font_size=&#8221;16px&#8221; text_line_height=&#8221;50px&#8221; max_width=&#8221;97%&#8221; max_width_tablet=&#8221;97%&#8221; max_width_phone=&#8221;100%&#8221; max_width_last_edited=&#8221;on|phone&#8221; text_line_height_tablet=&#8221;50px&#8221; text_line_height_phone=&#8221;35px&#8221; text_line_height_last_edited=&#8221;on|phone&#8221; global_colors_info=&#8221;{}&#8221;]<\/p>\n<p>Los trabajadores deben adaptarse a un universo laboral en el que la competividad, la globalizaci\u00f3n y la tecnolog\u00eda provocan, adem\u00e1s de estr\u00e9s laboral, cambios continuos. El proceso de Coaching permite a las personas y a sus equipos desarrollar talentos, mejorar su desempe\u00f1o y alcanzar sus metas. Inteligencia emocional, comunicaci\u00f3n efectiva, ecolog\u00eda para resolver conflictos, gesti\u00f3n de emociones, entre otras cosas son las \u00e1reas que trabaja esa disciplina.<\/p>\n<p>[\/et_pb_text][\/et_pb_column][\/et_pb_row][\/et_pb_section][et_pb_section fb_built=&#8221;1&#8243; admin_label=&#8221;Empresa&#8221; module_id=&#8221;empresa&#8221; _builder_version=&#8221;4.27.4&#8243; _module_preset=&#8221;default&#8221; background_color=&#8221;RGBA(255,255,255,0)&#8221; custom_padding=&#8221;0px||0px||true|false&#8221; global_colors_info=&#8221;{}&#8221;][et_pb_row _builder_version=&#8221;4.27.4&#8243; _module_preset=&#8221;default&#8221; max_width=&#8221;80%&#8221; max_width_tablet=&#8221;80%&#8221; max_width_phone=&#8221;100%&#8221; max_width_last_edited=&#8221;on|tablet&#8221; custom_margin=&#8221;180px||180px||true|false&#8221; global_colors_info=&#8221;{}&#8221;][et_pb_column type=&#8221;4_4&#8243; _builder_version=&#8221;4.27.4&#8243; _module_preset=&#8221;default&#8221; global_colors_info=&#8221;{}&#8221;][et_pb_text content_tablet=&#8221;<\/p>\n<p style=%22text-align: left;%22>CAPACITACI\u00d3N DE PERSONAL<\/p>\n<p>&#8221; content_phone=&#8221;<\/p>\n<p style=%22text-align: left;%22>CAPACITACI\u00d3N DE PERSONAL<\/p>\n<p>&#8221; content_last_edited=&#8221;on|desktop&#8221; _builder_version=&#8221;4.27.4&#8243; _module_preset=&#8221;default&#8221; text_font=&#8221;Canaro &#8211; Bold||||||||&#8221; text_text_color=&#8221;#921815&#8243; text_font_size=&#8221;57px&#8221; text_line_height=&#8221;1.5em&#8221; header_2_font=&#8221;Canaro &#8211; Bold||||||||&#8221; header_2_text_align=&#8221;left&#8221; header_2_text_color=&#8221;#FFFFFF&#8221; header_2_font_size=&#8221;35px&#8221; width=&#8221;80%&#8221; width_tablet=&#8221;&#8221; width_phone=&#8221;100%&#8221; width_last_edited=&#8221;on|tablet&#8221; custom_margin=&#8221;||0px||false|false&#8221; custom_padding_tablet=&#8221;||10px||false|false&#8221; custom_padding_phone=&#8221;||10px||false|false&#8221; custom_padding_last_edited=&#8221;on|tablet&#8221; text_font_size_tablet=&#8221;32px&#8221; text_font_size_phone=&#8221;28px&#8221; text_font_size_last_edited=&#8221;on|desktop&#8221; text_line_height_tablet=&#8221;52.8px&#8221; text_line_height_phone=&#8221;46.2px&#8221; text_line_height_last_edited=&#8221;on|tablet&#8221; text_orientation_tablet=&#8221;center&#8221; text_orientation_phone=&#8221;center&#8221; text_orientation_last_edited=&#8221;on|tablet&#8221; global_colors_info=&#8221;{}&#8221;]<\/p>\n<p>CAPACITACI\u00d3N DE PERSONAL<\/p>\n<p>[\/et_pb_text][et_pb_text _builder_version=&#8221;4.27.4&#8243; _module_preset=&#8221;default&#8221; text_font=&#8221;Canaro &#8211; Light||||||||&#8221; text_text_color=&#8221;#3A3A3A&#8221; text_font_size=&#8221;16px&#8221; text_line_height=&#8221;48px&#8221; custom_padding=&#8221;0px||0px||true|false&#8221; custom_padding_tablet=&#8221;0px||0px||true|false&#8221; custom_padding_phone=&#8221;0px||0px||true|false&#8221; custom_padding_last_edited=&#8221;on|tablet&#8221; text_font_size_tablet=&#8221;14px&#8221; text_font_size_phone=&#8221;14px&#8221; text_font_size_last_edited=&#8221;on|tablet&#8221; text_line_height_tablet=&#8221;35px&#8221; text_line_height_phone=&#8221;35px&#8221; text_line_height_last_edited=&#8221;on|tablet&#8221; inline_fonts=&#8221;Canaro &#8211; BookItalic&#8221; global_colors_info=&#8221;{}&#8221;]<\/p>\n<p>Encuentros para brindar fomentar diferentes habilidades en el personal: liderazgo, formaci\u00f3n de equipos y trabajo en conjunto, pedidos efectivos, comunicaci\u00f3n personal, inteligencia emocional, etc.<br \/><span>\u2981 Consta de una serie de entrevistas personales y\/o grupales.\u00a0 Y a trav\u00e9s de una serie de preguntas sencillas, cuyas respuestas solo tienen los destinatarios, se buscan nuevas v\u00edas de trabajo, cambios de perspectiva o visi\u00f3n: &#8220;cambiar el observador&#8221;.<br \/>\u2981 Es una buena metodolog\u00eda para tomar decisiones, desbloquear una situaci\u00f3n, gestionar un proyecto o analizar un problema con mayor perspectiva.<\/span><\/p>\n<p>[\/et_pb_text][\/et_pb_column][\/et_pb_row][\/et_pb_section][et_pb_section fb_built=&#8221;1&#8243; custom_padding_last_edited=&#8221;off|desktop&#8221; _builder_version=&#8221;4.27.4&#8243; _module_preset=&#8221;default&#8221; background_enable_color=&#8221;off&#8221; background_image=&#8221;https:\/\/luzconsulting.com.ar\/wp-content\/uploads\/2025\/09\/IMAGEN-INFERIOR_Brochure-Outside-1.jpg&#8221; background_position=&#8221;bottom_center&#8221; background_vertical_offset=&#8221;45%&#8221; height=&#8221;65vh&#8221; height_tablet=&#8221;50vh&#8221; height_phone=&#8221;30vh&#8221; height_last_edited=&#8221;on|phone&#8221; custom_padding_tablet=&#8221;250px||250px||true|false&#8221; custom_padding_phone=&#8221;100px||100px||true|false&#8221; background_last_edited=&#8221;on|phone&#8221; background_size_phone=&#8221;cover&#8221; background_image_width_phone=&#8221;0%&#8221; background_image_height_phone=&#8221;65%&#8221; background_vertical_offset_phone=&#8221;42%&#8221; locked=&#8221;off&#8221; global_colors_info=&#8221;{}&#8221;][\/et_pb_section]<\/p>\n","protected":false},"excerpt":{"rendered":"<p>Coaching Ontol\u00f3gicoCOACHINGLos trabajadores deben adaptarse a un universo laboral en el que la competividad, la globalizaci\u00f3n y la tecnolog\u00eda provocan, adem\u00e1s de estr\u00e9s laboral, cambios continuos. El proceso de Coaching permite a las personas y a sus equipos desarrollar talentos, mejorar su desempe\u00f1o y alcanzar sus metas. Inteligencia emocional, comunicaci\u00f3n efectiva, ecolog\u00eda para resolver conflictos, [&hellip;]<\/p>\n","protected":false},"author":4,"featured_media":0,"parent":0,"menu_order":0,"comment_status":"closed","ping_status":"closed","template":"","meta":{"_et_pb_use_builder":"on","_et_pb_old_content":"","_et_gb_content_width":"","footnotes":""},"class_list":["post-510","page","type-page","status-publish","hentry"],"_links":{"self":[{"href":"https:\/\/luzconsulting.com.ar\/en\/wp-json\/wp\/v2\/pages\/510","targetHints":{"allow":["GET"]}}],"collection":[{"href":"https:\/\/luzconsulting.com.ar\/en\/wp-json\/wp\/v2\/pages"}],"about":[{"href":"https:\/\/luzconsulting.com.ar\/en\/wp-json\/wp\/v2\/types\/page"}],"author":[{"embeddable":true,"href":"https:\/\/luzconsulting.com.ar\/en\/wp-json\/wp\/v2\/users\/4"}],"replies":[{"embeddable":true,"href":"https:\/\/luzconsulting.com.ar\/en\/wp-json\/wp\/v2\/comments?post=510"}],"version-history":[{"count":17,"href":"https:\/\/luzconsulting.com.ar\/en\/wp-json\/wp\/v2\/pages\/510\/revisions"}],"predecessor-version":[{"id":1790,"href":"https:\/\/luzconsulting.com.ar\/en\/wp-json\/wp\/v2\/pages\/510\/revisions\/1790"}],"wp:attachment":[{"href":"https:\/\/luzconsulting.com.ar\/en\/wp-json\/wp\/v2\/media?parent=510"}],"curies":[{"name":"wp","href":"https:\/\/api.w.org\/{rel}","templated":true}]}}