{"id":464,"date":"2025-09-24T18:41:08","date_gmt":"2025-09-24T18:41:08","guid":{"rendered":"https:\/\/luzconsulting.com.ar\/?page_id=464"},"modified":"2025-10-23T17:06:28","modified_gmt":"2025-10-23T17:06:28","slug":"gestion-legal","status":"publish","type":"page","link":"https:\/\/luzconsulting.com.ar\/en\/gestion-legal\/","title":{"rendered":"Gesti\u00f3n Legal"},"content":{"rendered":"<p>[et_pb_section fb_built=&#8221;1&#8243; custom_padding_last_edited=&#8221;off|desktop&#8221; admin_label=&#8221;Banner&#8221; _builder_version=&#8221;4.27.4&#8243; _module_preset=&#8221;default&#8221; background_image=&#8221;https:\/\/luzconsulting.com.ar\/wp-content\/uploads\/2025\/09\/PORTADA-6.webp&#8221; min_height_tablet=&#8221;&#8221; min_height_phone=&#8221;&#8221; min_height_last_edited=&#8221;on|desktop&#8221; height=&#8221;100vh&#8221; height_tablet=&#8221;80vh&#8221; height_phone=&#8221;70vh&#8221; height_last_edited=&#8221;on|phone&#8221; max_height_tablet=&#8221;&#8221; max_height_phone=&#8221;&#8221; max_height_last_edited=&#8221;on|desktop&#8221; custom_margin=&#8221;0px||0px||false|false&#8221; custom_padding_tablet=&#8221;220px||220px||true|false&#8221; custom_padding_phone=&#8221;235px||0px||false|false&#8221; background_color_phone=&#8221;rgba(255,255,255,0.19)&#8221; background_last_edited=&#8221;on|desktop&#8221; background_enable_color_phone=&#8221;on&#8221; background_position_tablet=&#8221;center_left&#8221; background_position_phone=&#8221;center_right&#8221; background_horizontal_offset_tablet=&#8221;17%&#8221; background_horizontal_offset_phone=&#8221;53%&#8221; background_blend_phone=&#8221;color&#8221; global_colors_info=&#8221;{}&#8221;][et_pb_row custom_padding_last_edited=&#8221;on|phone&#8221; _builder_version=&#8221;4.27.4&#8243; _module_preset=&#8221;default&#8221; positioning=&#8221;none&#8221; max_width=&#8221;80%&#8221; custom_margin=&#8221;|auto||auto|false|false&#8221; custom_padding=&#8221;10%||||false|false&#8221; custom_padding_tablet=&#8221;200px||||false|false&#8221; custom_padding_phone=&#8221;400px||||false|false&#8221; global_colors_info=&#8221;{}&#8221;][et_pb_column type=&#8221;4_4&#8243; _builder_version=&#8221;4.27.4&#8243; _module_preset=&#8221;default&#8221; global_colors_info=&#8221;{}&#8221;][et_pb_text content_tablet=&#8221;<\/p>\n<p>Proyectos<\/p>\n<p>&#8221; content_phone=&#8221;<\/p>\n<p>Gesti\u00f3n Legal<\/p>\n<p>&#8221; content_last_edited=&#8221;on|tablet&#8221; _builder_version=&#8221;4.27.4&#8243; _module_preset=&#8221;default&#8221; text_font=&#8221;Canaro &#8211; SemiBold||||||||&#8221; text_text_color=&#8221;#FFFFFF&#8221; text_font_size=&#8221;70px&#8221; text_line_height=&#8221;1em&#8221; custom_margin=&#8221;||5px||false|false&#8221; text_font_size_tablet=&#8221;58px&#8221; text_font_size_phone=&#8221;33px&#8221; text_font_size_last_edited=&#8221;on|phone&#8221; global_colors_info=&#8221;{}&#8221; text_font_size__hover_enabled=&#8221;off|desktop&#8221;]<\/p>\n<p>Gesti\u00f3n<\/p>\n<p>[\/et_pb_text][et_pb_text disabled_on=&#8221;on|off|off&#8221; _builder_version=&#8221;4.27.4&#8243; _module_preset=&#8221;default&#8221; text_font=&#8221;Canaro &#8211; SemiBold||||||||&#8221; text_text_color=&#8221;#FFFFFF&#8221; text_font_size=&#8221;90px&#8221; text_line_height=&#8221;1.5em&#8221; custom_margin=&#8221;|-50px|5px||false|false&#8221; text_font_size_tablet=&#8221;78px&#8221; text_font_size_phone=&#8221;33px&#8221; text_font_size_last_edited=&#8221;on|phone&#8221; global_colors_info=&#8221;{}&#8221; text_font_size__hover_enabled=&#8221;off|desktop&#8221;]<\/p>\n<p>Legal<\/p>\n<p>[\/et_pb_text][et_pb_divider color=&#8221;#981815&#8243; divider_weight=&#8221;3px&#8221; _builder_version=&#8221;4.27.4&#8243; _module_preset=&#8221;default&#8221; width=&#8221;25%&#8221; width_tablet=&#8221;37%&#8221; width_phone=&#8221;45%&#8221; width_last_edited=&#8221;on|phone&#8221; max_width_tablet=&#8221;&#8221; max_width_phone=&#8221;&#8221; max_width_last_edited=&#8221;on|tablet&#8221; custom_margin=&#8221;||0px||false|false&#8221; custom_padding=&#8221;||||false|false&#8221; global_colors_info=&#8221;{}&#8221;][\/et_pb_divider][\/et_pb_column][\/et_pb_row][\/et_pb_section][et_pb_section fb_built=&#8221;1&#8243; custom_padding_last_edited=&#8221;on|phone&#8221; admin_label=&#8221;Empresa&#8221; module_id=&#8221;empresa&#8221; _builder_version=&#8221;4.27.4&#8243; _module_preset=&#8221;default&#8221; background_color=&#8221;#2a2d34&#8243; custom_padding=&#8221;150px||150px||true|&#8221; custom_padding_tablet=&#8221;70px||70px||true|false&#8221; custom_padding_phone=&#8221;30px||30px||true|false&#8221; global_colors_info=&#8221;{}&#8221;][et_pb_row _builder_version=&#8221;4.27.4&#8243; _module_preset=&#8221;default&#8221; max_width=&#8221;80%&#8221; global_colors_info=&#8221;{}&#8221;][et_pb_column type=&#8221;4_4&#8243; _builder_version=&#8221;4.27.4&#8243; _module_preset=&#8221;default&#8221; global_colors_info=&#8221;{}&#8221;][et_pb_text disabled_on=&#8221;on|off|off&#8221; _builder_version=&#8221;4.27.4&#8243; _module_preset=&#8221;default&#8221; header_2_font=&#8221;Canaro &#8211; Bold||||||||&#8221; header_2_text_align=&#8221;left&#8221; header_2_text_color=&#8221;#FFFFFF&#8221; header_2_font_size=&#8221;34px&#8221; custom_margin=&#8221;||0px||false|false&#8221; header_2_font_size_tablet=&#8221;34px&#8221; header_2_font_size_phone=&#8221;34px&#8221; header_2_font_size_last_edited=&#8221;on|tablet&#8221; global_colors_info=&#8221;{}&#8221;]<\/p>\n<h2><span>CIVIL Y COMERCIAL<\/span><\/h2>\n<p>[\/et_pb_text][et_pb_divider color=&#8221;#96291a&#8221; divider_weight=&#8221;3px&#8221; divider_weight_tablet=&#8221;3px&#8221; divider_weight_phone=&#8221;3px&#8221; divider_weight_last_edited=&#8221;on|tablet&#8221; disabled_on=&#8221;on|off|off&#8221; admin_label=&#8221;Separador&#8221; _builder_version=&#8221;4.27.4&#8243; _module_preset=&#8221;default&#8221; position_origin_a=&#8221;center_left&#8221; position_origin_f=&#8221;bottom_left&#8221; horizontal_offset=&#8221;-1188px&#8221; horizontal_offset_tablet=&#8221;-80px&#8221; horizontal_offset_phone=&#8221;-80px&#8221; horizontal_offset_last_edited=&#8221;on|tablet&#8221; width=&#8221;100%&#8221; width_tablet=&#8221;81%&#8221; width_phone=&#8221;80%&#8221; width_last_edited=&#8221;on|desktop&#8221; module_alignment=&#8221;left&#8221; custom_margin=&#8221;0px||0px||false|false&#8221; global_colors_info=&#8221;{}&#8221;][\/et_pb_divider][et_pb_text _builder_version=&#8221;4.27.4&#8243; _module_preset=&#8221;default&#8221; text_font=&#8221;Canaro &#8211; Light||||||||&#8221; text_text_color=&#8221;#FFFFFF&#8221; text_font_size=&#8221;16px&#8221; text_line_height=&#8221;50px&#8221; max_width=&#8221;97%&#8221; max_width_tablet=&#8221;97%&#8221; max_width_phone=&#8221;100%&#8221; max_width_last_edited=&#8221;on|phone&#8221; text_line_height_tablet=&#8221;50px&#8221; text_line_height_phone=&#8221;35px&#8221; text_line_height_last_edited=&#8221;on|phone&#8221; global_colors_info=&#8221;{}&#8221;]<\/p>\n<p>Luz Consulting es una consultora de negocios que brinda asesoramiento legal en materia civil y comercial, en temas relacionados con reclamos y procesos administrativos, constituci\u00f3n de sociedades, fundaciones y asociaciones, contratos, marcas y patentes.<\/p>\n<p>[\/et_pb_text][\/et_pb_column][\/et_pb_row][\/et_pb_section][et_pb_section fb_built=&#8221;1&#8243; admin_label=&#8221;Empresa&#8221; module_id=&#8221;empresa&#8221; _builder_version=&#8221;4.27.4&#8243; _module_preset=&#8221;default&#8221; background_color=&#8221;RGBA(255,255,255,0)&#8221; custom_padding=&#8221;0px||0px||true|false&#8221; global_colors_info=&#8221;{}&#8221;][et_pb_row _builder_version=&#8221;4.27.4&#8243; _module_preset=&#8221;default&#8221; max_width=&#8221;80%&#8221; max_width_tablet=&#8221;80%&#8221; max_width_phone=&#8221;100%&#8221; max_width_last_edited=&#8221;on|tablet&#8221; custom_margin=&#8221;150px||150px||true|false&#8221; custom_margin_tablet=&#8221;75px||75px||true|false&#8221; custom_margin_phone=&#8221;75px||75px||true|false&#8221; custom_margin_last_edited=&#8221;on|phone&#8221; global_colors_info=&#8221;{}&#8221;][et_pb_column type=&#8221;4_4&#8243; _builder_version=&#8221;4.27.4&#8243; _module_preset=&#8221;default&#8221; global_colors_info=&#8221;{}&#8221;][et_pb_text content_tablet=&#8221;<\/p>\n<p style=%22text-align: left;%22><span>COMERCIAL<\/span><\/p>\n<p>&#8221; content_phone=&#8221;<\/p>\n<p style=%22text-align: left;%22><span>COMERCIAL<\/span><\/p>\n<p>&#8221; content_last_edited=&#8221;on|desktop&#8221; _builder_version=&#8221;4.27.4&#8243; _module_preset=&#8221;default&#8221; text_font=&#8221;Canaro &#8211; Bold||||||||&#8221; text_text_color=&#8221;#921815&#8243; text_font_size=&#8221;57px&#8221; text_line_height=&#8221;1.5em&#8221; header_2_font=&#8221;Canaro &#8211; Bold||||||||&#8221; header_2_text_align=&#8221;left&#8221; header_2_text_color=&#8221;#FFFFFF&#8221; header_2_font_size=&#8221;35px&#8221; width=&#8221;80%&#8221; width_tablet=&#8221;&#8221; width_phone=&#8221;100%&#8221; width_last_edited=&#8221;on|tablet&#8221; custom_margin=&#8221;||0px||false|false&#8221; custom_padding_tablet=&#8221;||10px||false|false&#8221; custom_padding_phone=&#8221;||10px||false|false&#8221; custom_padding_last_edited=&#8221;on|tablet&#8221; text_font_size_tablet=&#8221;32px&#8221; text_font_size_phone=&#8221;28px&#8221; text_font_size_last_edited=&#8221;on|desktop&#8221; text_line_height_tablet=&#8221;52.8px&#8221; text_line_height_phone=&#8221;46.2px&#8221; text_line_height_last_edited=&#8221;on|tablet&#8221; text_orientation_tablet=&#8221;center&#8221; text_orientation_phone=&#8221;center&#8221; text_orientation_last_edited=&#8221;on|tablet&#8221; global_colors_info=&#8221;{}&#8221;]<\/p>\n<p><span>COMERCIAL<\/span><\/p>\n<p>[\/et_pb_text][et_pb_text _builder_version=&#8221;4.27.4&#8243; _module_preset=&#8221;default&#8221; text_font=&#8221;Canaro &#8211; Light||||||||&#8221; text_text_color=&#8221;#3A3A3A&#8221; text_font_size=&#8221;16px&#8221; text_line_height=&#8221;48px&#8221; custom_padding=&#8221;0px||0px||true|false&#8221; custom_padding_tablet=&#8221;0px||0px||true|false&#8221; custom_padding_phone=&#8221;0px||0px||true|false&#8221; custom_padding_last_edited=&#8221;on|tablet&#8221; text_font_size_tablet=&#8221;14px&#8221; text_font_size_phone=&#8221;14px&#8221; text_font_size_last_edited=&#8221;on|tablet&#8221; text_line_height_tablet=&#8221;35px&#8221; text_line_height_phone=&#8221;35px&#8221; text_line_height_last_edited=&#8221;on|tablet&#8221; inline_fonts=&#8221;Canaro &#8211; BookItalic&#8221; global_colors_info=&#8221;{}&#8221;]<\/p>\n<p><span>\u2981 Contratos: confecci\u00f3n y asesoramiento para la firma de contratos (alquiler de viviendas, comercios, boletos de compraventa, obras y servicios, mutuos).<br \/>\u2981 Sociedades comerciales: Sociedades An\u00f3nimas Simplificadas (SAS), Sociedad An\u00f3nima (SA), Sociedades de Responsabilidad Limitada (SRL).<br \/>\u2981 Fundaciones y Asociaciones.<br \/>\u2981 Marcas y patentes.<br \/>\u2981 Asesoramiento para liquidaciones contractuales de seguros.<br \/>\u2981 Fideicomisos (testamentario, renta, administraci\u00f3n, inversi\u00f3n y mixto).<br \/>\u2981 Defensa al consumidor (asistencia a audiencias y negociaci\u00f3n).<br \/><\/span><\/p>\n<p>[\/et_pb_text][et_pb_text content_tablet=&#8221;<\/p>\n<p style=%22text-align: left;%22>LABORAL<\/p>\n<p>&#8221; content_phone=&#8221;<\/p>\n<p style=%22text-align: left;%22>LABORAL<\/p>\n<p>&#8221; content_last_edited=&#8221;on|desktop&#8221; _builder_version=&#8221;4.27.4&#8243; _module_preset=&#8221;default&#8221; text_font=&#8221;Canaro &#8211; Bold||||||||&#8221; text_text_color=&#8221;#921815&#8243; text_font_size=&#8221;57px&#8221; text_line_height=&#8221;1.5em&#8221; header_2_font=&#8221;Canaro &#8211; Bold||||||||&#8221; header_2_text_align=&#8221;left&#8221; header_2_text_color=&#8221;#FFFFFF&#8221; header_2_font_size=&#8221;35px&#8221; width=&#8221;100%&#8221; width_tablet=&#8221;80%&#8221; width_phone=&#8221;100%&#8221; width_last_edited=&#8221;on|tablet&#8221; custom_margin=&#8221;100px||0px||false|false&#8221; text_font_size_tablet=&#8221;32px&#8221; text_font_size_phone=&#8221;28px&#8221; text_font_size_last_edited=&#8221;on|desktop&#8221; text_line_height_tablet=&#8221;52.8px&#8221; text_line_height_phone=&#8221;46.2px&#8221; text_line_height_last_edited=&#8221;on|tablet&#8221; global_colors_info=&#8221;{}&#8221;]<\/p>\n<p>LABORAL<\/p>\n<p>[\/et_pb_text][et_pb_text content_tablet=&#8221;<\/p>\n<p>Estrategia y producci\u00f3n de formatos pensados para plataformas<br \/>digitales<br \/>\u2981 Video institucional \/ corporativo<br \/>\u2981 Video consejos \/ testimoniales<br \/>\u2981 Video web spot publicitario<br \/>\u2981 Video interactivos \/ promocionales<br \/>\u2981 Videos divertidos y emocionales<br \/>\u2981 Videos interactivos para redes sociales, emailing y WhatsApp.<\/p>\n<p>&#8221; content_phone=&#8221;<\/p>\n<p>Estrategia y producci\u00f3n de formatos pensados para plataformas digitales<br \/>\u2981 Video institucional \/ corporativo<br \/>\u2981 Video consejos \/ testimoniales<br \/>\u2981 Video web spot publicitario<br \/>\u2981 Video interactivos \/ promocionales<br \/>\u2981 Videos divertidos y emocionales<br \/>\u2981 Videos interactivos para redes sociales, emailing y WhatsApp<\/p>\n<p>&#8221; content_last_edited=&#8221;off|desktop&#8221; _builder_version=&#8221;4.27.4&#8243; _module_preset=&#8221;default&#8221; text_font=&#8221;Canaro &#8211; Light||||||||&#8221; text_text_color=&#8221;#3A3A3A&#8221; text_font_size=&#8221;16px&#8221; text_line_height=&#8221;48px&#8221; custom_padding=&#8221;0px||0px||true|false&#8221; custom_padding_tablet=&#8221;0px||0px||true|false&#8221; custom_padding_phone=&#8221;0px||0px||true|false&#8221; custom_padding_last_edited=&#8221;on|tablet&#8221; text_font_size_tablet=&#8221;14px&#8221; text_font_size_phone=&#8221;14px&#8221; text_font_size_last_edited=&#8221;on|tablet&#8221; text_line_height_tablet=&#8221;35px&#8221; text_line_height_phone=&#8221;35px&#8221; text_line_height_last_edited=&#8221;on|tablet&#8221; inline_fonts=&#8221;Canaro &#8211; Bold&#8221; global_colors_info=&#8221;{}&#8221;]<\/p>\n<p><span>\u2981 Parte actora y parte demandada.<br \/>\u2981 Asesoramiento en liquidaciones por despido con o sin causa.<br \/>\u2981 Confecci\u00f3n de telegramas laborales.<br \/>\u2981 Asistencia a audiencias de conciliaci\u00f3n laboral en sede del Ministerio de trabajo.<br \/>\u2981 Accidentes y enfermedades laborales (ART).<br \/><\/span><\/p>\n<p>[\/et_pb_text][et_pb_text content_tablet=&#8221;<\/p>\n<p style=%22text-align: left;%22>ADMINISTRATIVO<\/p>\n<p>&#8221; content_phone=&#8221;<\/p>\n<p style=%22text-align: left;%22>ADMINISTRATIVO<\/p>\n<p>&#8221; content_last_edited=&#8221;on|desktop&#8221; _builder_version=&#8221;4.27.4&#8243; _module_preset=&#8221;default&#8221; text_font=&#8221;Canaro &#8211; Bold||||||||&#8221; text_text_color=&#8221;#921815&#8243; text_font_size=&#8221;57px&#8221; text_line_height=&#8221;1.5em&#8221; header_2_font=&#8221;Canaro &#8211; Bold||||||||&#8221; header_2_text_align=&#8221;left&#8221; header_2_text_color=&#8221;#FFFFFF&#8221; header_2_font_size=&#8221;35px&#8221; width=&#8221;100%&#8221; width_tablet=&#8221;80%&#8221; width_phone=&#8221;100%&#8221; width_last_edited=&#8221;on|tablet&#8221; custom_margin=&#8221;100px||0px||false|false&#8221; text_font_size_tablet=&#8221;32px&#8221; text_font_size_phone=&#8221;28px&#8221; text_font_size_last_edited=&#8221;on|desktop&#8221; text_line_height_tablet=&#8221;52.8px&#8221; text_line_height_phone=&#8221;46.2px&#8221; text_line_height_last_edited=&#8221;on|tablet&#8221; global_colors_info=&#8221;{}&#8221;]<\/p>\n<p>ADMINISTRATIVO<\/p>\n<p>[\/et_pb_text][et_pb_text _builder_version=&#8221;4.27.4&#8243; _module_preset=&#8221;default&#8221; text_font=&#8221;Canaro &#8211; Light||||||||&#8221; text_text_color=&#8221;#3A3A3A&#8221; text_font_size=&#8221;16px&#8221; text_line_height=&#8221;48px&#8221; custom_padding=&#8221;0px||0px||true|false&#8221; custom_padding_tablet=&#8221;0px||0px||true|false&#8221; custom_padding_phone=&#8221;0px||0px||true|false&#8221; custom_padding_last_edited=&#8221;on|tablet&#8221; text_font_size_tablet=&#8221;14px&#8221; text_font_size_phone=&#8221;14px&#8221; text_font_size_last_edited=&#8221;on|tablet&#8221; text_line_height_tablet=&#8221;35px&#8221; text_line_height_phone=&#8221;35px&#8221; text_line_height_last_edited=&#8221;on|tablet&#8221; global_colors_info=&#8221;{}&#8221;]<\/p>\n<p><span>\u2981 Juicios de Apremio por deuda fiscal.<\/span><\/p>\n<p>[\/et_pb_text][et_pb_text content_tablet=&#8221;<\/p>\n<p style=%22text-align: left;%22>CIVIL<\/p>\n<p>&#8221; content_phone=&#8221;<\/p>\n<p style=%22text-align: left;%22>CIVIL<\/p>\n<p>&#8221; content_last_edited=&#8221;on|phone&#8221; _builder_version=&#8221;4.27.4&#8243; _module_preset=&#8221;default&#8221; text_font=&#8221;Canaro &#8211; Bold||||||||&#8221; text_text_color=&#8221;#921815&#8243; text_font_size=&#8221;57px&#8221; text_line_height=&#8221;1.5em&#8221; header_2_font=&#8221;Canaro &#8211; Bold||||||||&#8221; header_2_text_align=&#8221;left&#8221; header_2_text_color=&#8221;#FFFFFF&#8221; header_2_font_size=&#8221;35px&#8221; width=&#8221;100%&#8221; width_tablet=&#8221;80%&#8221; width_phone=&#8221;100%&#8221; width_last_edited=&#8221;on|tablet&#8221; custom_margin=&#8221;100px||0px||false|false&#8221; text_font_size_tablet=&#8221;32px&#8221; text_font_size_phone=&#8221;28px&#8221; text_font_size_last_edited=&#8221;on|desktop&#8221; text_line_height_tablet=&#8221;52.8px&#8221; text_line_height_phone=&#8221;46.2px&#8221; text_line_height_last_edited=&#8221;on|tablet&#8221; global_colors_info=&#8221;{}&#8221;]<\/p>\n<p>CIVIL<\/p>\n<p>[\/et_pb_text][et_pb_text _builder_version=&#8221;4.27.4&#8243; _module_preset=&#8221;default&#8221; text_font=&#8221;Canaro &#8211; Light||||||||&#8221; text_text_color=&#8221;#3A3A3A&#8221; text_font_size=&#8221;16px&#8221; text_line_height=&#8221;48px&#8221; custom_padding=&#8221;0px||0px||true|false&#8221; custom_padding_tablet=&#8221;0px||0px||true|false&#8221; custom_padding_phone=&#8221;0px||0px||true|false&#8221; custom_padding_last_edited=&#8221;on|tablet&#8221; text_font_size_tablet=&#8221;14px&#8221; text_font_size_phone=&#8221;14px&#8221; text_font_size_last_edited=&#8221;on|tablet&#8221; text_line_height_tablet=&#8221;35px&#8221; text_line_height_phone=&#8221;35px&#8221; text_line_height_last_edited=&#8221;on|tablet&#8221; global_colors_info=&#8221;{}&#8221;]<\/p>\n<p><span>\u2981 Divorcios.<br \/>\u2981 Sucesiones.<br \/>\u2981 Juicios ejecutivos.<br \/>\u2981 Asesoramiento en materia de Derechos reales (adquisici\u00f3n, venta y locaci\u00f3n de bienes muebles e inmuebles con o sin garant\u00eda).<br \/>\u2981 Reclamos extrajudiciales y judiciales por responsabilidad civil ante Cias de seguros y continuaci\u00f3n del proceso judicial para el cobro.<br \/><\/span><\/p>\n<p>[\/et_pb_text][\/et_pb_column][\/et_pb_row][\/et_pb_section][et_pb_section fb_built=&#8221;1&#8243; custom_padding_last_edited=&#8221;off|desktop&#8221; _builder_version=&#8221;4.27.4&#8243; _module_preset=&#8221;default&#8221; background_enable_color=&#8221;off&#8221; background_image=&#8221;https:\/\/luzconsulting.com.ar\/wp-content\/uploads\/2025\/09\/IMAGEN-INFERIOR_Brochure-Outside-1.jpg&#8221; background_position=&#8221;bottom_center&#8221; background_vertical_offset=&#8221;45%&#8221; height=&#8221;65vh&#8221; height_tablet=&#8221;50vh&#8221; height_phone=&#8221;30vh&#8221; height_last_edited=&#8221;on|phone&#8221; custom_padding_tablet=&#8221;250px||250px||true|false&#8221; custom_padding_phone=&#8221;100px||100px||true|false&#8221; background_last_edited=&#8221;on|phone&#8221; background_size_phone=&#8221;cover&#8221; background_image_width_phone=&#8221;0%&#8221; background_image_height_phone=&#8221;65%&#8221; background_vertical_offset_phone=&#8221;42%&#8221; locked=&#8221;off&#8221; global_colors_info=&#8221;{}&#8221;][\/et_pb_section]<\/p>\n","protected":false},"excerpt":{"rendered":"<p>Gesti\u00f3nLegalCIVIL Y COMERCIALLuz Consulting es una consultora de negocios que brinda asesoramiento legal en materia civil y comercial, en temas relacionados con reclamos y procesos administrativos, constituci\u00f3n de sociedades, fundaciones y asociaciones, contratos, marcas y patentes.COMERCIAL\u2981 Contratos: confecci\u00f3n y asesoramiento para la firma de contratos (alquiler de viviendas, comercios, boletos de compraventa, obras y servicios, [&hellip;]<\/p>\n","protected":false},"author":4,"featured_media":0,"parent":0,"menu_order":0,"comment_status":"closed","ping_status":"closed","template":"","meta":{"_et_pb_use_builder":"on","_et_pb_old_content":"","_et_gb_content_width":"","footnotes":""},"class_list":["post-464","page","type-page","status-publish","hentry"],"_links":{"self":[{"href":"https:\/\/luzconsulting.com.ar\/en\/wp-json\/wp\/v2\/pages\/464","targetHints":{"allow":["GET"]}}],"collection":[{"href":"https:\/\/luzconsulting.com.ar\/en\/wp-json\/wp\/v2\/pages"}],"about":[{"href":"https:\/\/luzconsulting.com.ar\/en\/wp-json\/wp\/v2\/types\/page"}],"author":[{"embeddable":true,"href":"https:\/\/luzconsulting.com.ar\/en\/wp-json\/wp\/v2\/users\/4"}],"replies":[{"embeddable":true,"href":"https:\/\/luzconsulting.com.ar\/en\/wp-json\/wp\/v2\/comments?post=464"}],"version-history":[{"count":19,"href":"https:\/\/luzconsulting.com.ar\/en\/wp-json\/wp\/v2\/pages\/464\/revisions"}],"predecessor-version":[{"id":1799,"href":"https:\/\/luzconsulting.com.ar\/en\/wp-json\/wp\/v2\/pages\/464\/revisions\/1799"}],"wp:attachment":[{"href":"https:\/\/luzconsulting.com.ar\/en\/wp-json\/wp\/v2\/media?parent=464"}],"curies":[{"name":"wp","href":"https:\/\/api.w.org\/{rel}","templated":true}]}}