{"id":439,"date":"2025-09-24T12:51:11","date_gmt":"2025-09-24T12:51:11","guid":{"rendered":"https:\/\/luzconsulting.com.ar\/?page_id=439"},"modified":"2025-10-13T14:41:43","modified_gmt":"2025-10-13T14:41:43","slug":"produccion-de-seguros-y-garantias","status":"publish","type":"page","link":"https:\/\/luzconsulting.com.ar\/en\/produccion-de-seguros-y-garantias\/","title":{"rendered":"Producci\u00f3n de Seguros y Garant\u00edas"},"content":{"rendered":"<p>[et_pb_section fb_built=&#8221;1&#8243; custom_padding_last_edited=&#8221;off|desktop&#8221; admin_label=&#8221;Banner&#8221; _builder_version=&#8221;4.27.4&#8243; _module_preset=&#8221;default&#8221; background_image=&#8221;https:\/\/luzconsulting.com.ar\/wp-content\/uploads\/2025\/09\/PORTADA-4.jpg&#8221; min_height_tablet=&#8221;&#8221; min_height_phone=&#8221;&#8221; min_height_last_edited=&#8221;on|desktop&#8221; height=&#8221;100vh&#8221; height_tablet=&#8221;80vh&#8221; height_phone=&#8221;70vh&#8221; height_last_edited=&#8221;on|phone&#8221; max_height_tablet=&#8221;&#8221; max_height_phone=&#8221;&#8221; max_height_last_edited=&#8221;on|desktop&#8221; custom_margin=&#8221;0px||0px||false|false&#8221; custom_padding_tablet=&#8221;280px||280px||true|false&#8221; custom_padding_phone=&#8221;235px||0px||false|false&#8221; background_color_phone=&#8221;rgba(255,255,255,0.19)&#8221; background_last_edited=&#8221;on|tablet&#8221; background_enable_color_phone=&#8221;on&#8221; background_position_tablet=&#8221;center_left&#8221; background_position_phone=&#8221;center_right&#8221; background_horizontal_offset_tablet=&#8221;17%&#8221; background_horizontal_offset_phone=&#8221;53%&#8221; background_blend_phone=&#8221;color&#8221; global_colors_info=&#8221;{}&#8221;][et_pb_row column_structure=&#8221;3_4,1_4&#8243; custom_padding_last_edited=&#8221;on|phone&#8221; _builder_version=&#8221;4.27.4&#8243; _module_preset=&#8221;default&#8221; positioning=&#8221;none&#8221; max_width=&#8221;80%&#8221; custom_margin=&#8221;|auto||auto|false|false&#8221; custom_padding=&#8221;10%||0px||false|false&#8221; custom_padding_tablet=&#8221;200px||0px||false|false&#8221; custom_padding_phone=&#8221;400px||||false|false&#8221; global_colors_info=&#8221;{}&#8221;][et_pb_column type=&#8221;3_4&#8243; _builder_version=&#8221;4.27.4&#8243; _module_preset=&#8221;default&#8221; global_colors_info=&#8221;{}&#8221;][et_pb_text content_tablet=&#8221;<\/p>\n<p>Gesti\u00f3n<\/p>\n<p>&#8221; content_phone=&#8221;<\/p>\n<p>Producci\u00f3n de Seguros y Garant\u00edas<\/p>\n<p>&#8221; content_last_edited=&#8221;on|phone&#8221; _builder_version=&#8221;4.27.4&#8243; _module_preset=&#8221;default&#8221; text_font=&#8221;Canaro &#8211; SemiBold||||||||&#8221; text_text_color=&#8221;#FFFFFF&#8221; text_font_size=&#8221;58px&#8221; text_line_height=&#8221;1em&#8221; custom_margin=&#8221;||5px||false|false&#8221; text_font_size_tablet=&#8221;58px&#8221; text_font_size_phone=&#8221;33px&#8221; text_font_size_last_edited=&#8221;on|phone&#8221; global_colors_info=&#8221;{}&#8221; text_font_size__hover_enabled=&#8221;off|desktop&#8221;]<\/p>\n<p>Producci\u00f3n de<\/p>\n<p>[\/et_pb_text][et_pb_text disabled_on=&#8221;on|off|off&#8221; _builder_version=&#8221;4.27.4&#8243; _module_preset=&#8221;default&#8221; text_font=&#8221;Canaro &#8211; SemiBold||||||||&#8221; text_text_color=&#8221;#FFFFFF&#8221; text_font_size=&#8221;78px&#8221; text_line_height=&#8221;1.5em&#8221; width=&#8221;100%&#8221; custom_margin=&#8221;|-50px|5px||false|false&#8221; text_font_size_tablet=&#8221;78px&#8221; text_font_size_phone=&#8221;33px&#8221; text_font_size_last_edited=&#8221;on|phone&#8221; global_colors_info=&#8221;{}&#8221; text_font_size__hover_enabled=&#8221;off|desktop&#8221;]<\/p>\n<p>Seguros y Garant\u00edas<\/p>\n<p>[\/et_pb_text][et_pb_divider color=&#8221;#981815&#8243; divider_weight=&#8221;3px&#8221; _builder_version=&#8221;4.27.4&#8243; _module_preset=&#8221;default&#8221; width=&#8221;70%&#8221; width_tablet=&#8221;85%&#8221; width_phone=&#8221;100%&#8221; width_last_edited=&#8221;on|tablet&#8221; max_width_tablet=&#8221;&#8221; max_width_phone=&#8221;&#8221; max_width_last_edited=&#8221;on|tablet&#8221; custom_margin=&#8221;||0px||false|false&#8221; custom_padding=&#8221;||||false|false&#8221; global_colors_info=&#8221;{}&#8221;][\/et_pb_divider][\/et_pb_column][et_pb_column type=&#8221;1_4&#8243; _builder_version=&#8221;4.27.4&#8243; _module_preset=&#8221;default&#8221; global_colors_info=&#8221;{}&#8221;][\/et_pb_column][\/et_pb_row][\/et_pb_section][et_pb_section fb_built=&#8221;1&#8243; custom_padding_last_edited=&#8221;on|phone&#8221; admin_label=&#8221;Empresa&#8221; module_id=&#8221;empresa&#8221; _builder_version=&#8221;4.27.4&#8243; _module_preset=&#8221;default&#8221; background_color=&#8221;#2a2d34&#8243; custom_padding=&#8221;150px||150px||true|&#8221; custom_padding_tablet=&#8221;70px||70px||true|false&#8221; custom_padding_phone=&#8221;30px||30px||true|false&#8221; global_colors_info=&#8221;{}&#8221;][et_pb_row _builder_version=&#8221;4.27.4&#8243; _module_preset=&#8221;default&#8221; max_width=&#8221;80%&#8221; global_colors_info=&#8221;{}&#8221;][et_pb_column type=&#8221;4_4&#8243; _builder_version=&#8221;4.27.4&#8243; _module_preset=&#8221;default&#8221; global_colors_info=&#8221;{}&#8221;][et_pb_text disabled_on=&#8221;on|off|off&#8221; _builder_version=&#8221;4.27.4&#8243; _module_preset=&#8221;default&#8221; header_2_font=&#8221;Canaro &#8211; Bold||||||||&#8221; header_2_text_align=&#8221;left&#8221; header_2_text_color=&#8221;#FFFFFF&#8221; header_2_font_size=&#8221;34px&#8221; custom_margin=&#8221;||0px||false|false&#8221; header_2_font_size_tablet=&#8221;34px&#8221; header_2_font_size_phone=&#8221;34px&#8221; header_2_font_size_last_edited=&#8221;on|tablet&#8221; global_colors_info=&#8221;{}&#8221;]<\/p>\n<h2><span>SEGUROS Y GARANT\u00cdAS<\/span><\/h2>\n<p>[\/et_pb_text][et_pb_divider color=&#8221;#96291a&#8221; divider_weight=&#8221;3px&#8221; divider_weight_tablet=&#8221;3px&#8221; divider_weight_phone=&#8221;3px&#8221; divider_weight_last_edited=&#8221;on|tablet&#8221; disabled_on=&#8221;on|off|off&#8221; _builder_version=&#8221;4.27.4&#8243; _module_preset=&#8221;default&#8221; position_origin_a=&#8221;center_left&#8221; position_origin_f=&#8221;bottom_left&#8221; horizontal_offset=&#8221;-1111px&#8221; horizontal_offset_tablet=&#8221;-80px&#8221; horizontal_offset_phone=&#8221;-80px&#8221; horizontal_offset_last_edited=&#8221;on|tablet&#8221; width=&#8221;100%&#8221; width_tablet=&#8221;81%&#8221; width_phone=&#8221;80%&#8221; width_last_edited=&#8221;on|tablet&#8221; module_alignment=&#8221;left&#8221; custom_margin=&#8221;0px||0px||false|false&#8221; global_colors_info=&#8221;{}&#8221;][\/et_pb_divider][et_pb_text _builder_version=&#8221;4.27.4&#8243; _module_preset=&#8221;default&#8221; text_font=&#8221;Canaro &#8211; Light||||||||&#8221; text_text_color=&#8221;#FFFFFF&#8221; text_font_size=&#8221;16px&#8221; text_line_height=&#8221;50px&#8221; max_width=&#8221;97%&#8221; max_width_tablet=&#8221;97%&#8221; max_width_phone=&#8221;100%&#8221; max_width_last_edited=&#8221;on|phone&#8221; text_line_height_tablet=&#8221;50px&#8221; text_line_height_phone=&#8221;35px&#8221; text_line_height_last_edited=&#8221;on|phone&#8221; global_colors_info=&#8221;{}&#8221;]<\/p>\n<p>Luz Consulting es una consultora de negocios que brinda un asesoramiento \u00fatil de <span>\u00abSeguros y Garant\u00edas\u00bb, que les permita a nuestros clientes elegir la opci\u00f3n m\u00e1s segura dentro de un conjunto de compa\u00f1\u00edas de primer nivel. Orientamos nuestros servicios de asesoramiento a empresas, ofreciendo una atenci\u00f3n integral y personalizada en servicio de consultor\u00eda en seguros, asesoramiento jur\u00eddico, an\u00e1lisis de riesgos y administraci\u00f3n de carteras.<\/span><\/p>\n<p>[\/et_pb_text][\/et_pb_column][\/et_pb_row][\/et_pb_section][et_pb_section fb_built=&#8221;1&#8243; admin_label=&#8221;Empresa&#8221; module_id=&#8221;empresa&#8221; _builder_version=&#8221;4.27.4&#8243; _module_preset=&#8221;default&#8221; background_color=&#8221;RGBA(255,255,255,0)&#8221; custom_padding=&#8221;0px||0px||true|false&#8221; global_colors_info=&#8221;{}&#8221;][et_pb_row custom_padding_last_edited=&#8221;on|phone&#8221; _builder_version=&#8221;4.27.4&#8243; _module_preset=&#8221;default&#8221; max_width=&#8221;80%&#8221; max_width_tablet=&#8221;75%&#8221; max_width_phone=&#8221;100%&#8221; max_width_last_edited=&#8221;on|tablet&#8221; custom_padding=&#8221;150px||150px||true|false&#8221; custom_padding_tablet=&#8221;75px||75px||true|false&#8221; custom_padding_phone=&#8221;75px||75px||true|false&#8221; global_colors_info=&#8221;{}&#8221;][et_pb_column type=&#8221;4_4&#8243; _builder_version=&#8221;4.27.4&#8243; _module_preset=&#8221;default&#8221; global_colors_info=&#8221;{}&#8221;][et_pb_text content_tablet=&#8221;<\/p>\n<p style=%22text-align: left;%22>PATRIMONIALES<\/p>\n<p>&#8221; content_phone=&#8221;<\/p>\n<p style=%22text-align: left;%22>PATRIMONIALES<\/p>\n<p>&#8221; content_last_edited=&#8221;on|tablet&#8221; _builder_version=&#8221;4.27.4&#8243; _module_preset=&#8221;default&#8221; text_font=&#8221;Canaro &#8211; Bold||||||||&#8221; text_text_color=&#8221;#921815&#8243; text_font_size=&#8221;57px&#8221; text_line_height=&#8221;1.5em&#8221; header_2_font=&#8221;Canaro &#8211; Bold||||||||&#8221; header_2_text_align=&#8221;left&#8221; header_2_text_color=&#8221;#FFFFFF&#8221; header_2_font_size=&#8221;35px&#8221; width=&#8221;80%&#8221; width_tablet=&#8221;80%&#8221; width_phone=&#8221;100%&#8221; width_last_edited=&#8221;on|tablet&#8221; custom_margin=&#8221;||0px||false|false&#8221; custom_padding_tablet=&#8221;||10px||false|false&#8221; custom_padding_phone=&#8221;||10px||false|false&#8221; custom_padding_last_edited=&#8221;on|tablet&#8221; text_font_size_tablet=&#8221;32px&#8221; text_font_size_phone=&#8221;28px&#8221; text_font_size_last_edited=&#8221;on|desktop&#8221; text_line_height_tablet=&#8221;52.8px&#8221; text_line_height_phone=&#8221;46.2px&#8221; text_line_height_last_edited=&#8221;on|tablet&#8221; text_orientation_tablet=&#8221;center&#8221; text_orientation_phone=&#8221;center&#8221; text_orientation_last_edited=&#8221;on|tablet&#8221; global_colors_info=&#8221;{}&#8221;]<\/p>\n<p>PATRIMONIALES<\/p>\n<p>[\/et_pb_text][et_pb_text _builder_version=&#8221;4.27.4&#8243; _module_preset=&#8221;default&#8221; text_font=&#8221;Canaro &#8211; Light||||||||&#8221; text_text_color=&#8221;#3A3A3A&#8221; text_font_size=&#8221;16px&#8221; text_line_height=&#8221;48px&#8221; custom_padding=&#8221;0px||0px||true|false&#8221; custom_padding_tablet=&#8221;0px||0px||true|false&#8221; custom_padding_phone=&#8221;0px||0px||true|false&#8221; custom_padding_last_edited=&#8221;on|tablet&#8221; text_font_size_tablet=&#8221;14px&#8221; text_font_size_phone=&#8221;14px&#8221; text_font_size_last_edited=&#8221;on|tablet&#8221; text_line_height_tablet=&#8221;35px&#8221; text_line_height_phone=&#8221;35px&#8221; text_line_height_last_edited=&#8221;on|tablet&#8221; global_colors_info=&#8221;{}&#8221;]<\/p>\n<p>Vinculado a todos los seguros cuyo fin principal es reparar la p\u00e9rdida sufrida a causa de un siniestro en el patrimonio de la empresa<br \/>\u2981 Automotores \/ camiones \/ flotas.<br \/>\u2981 Equipos y maquinarias.<br \/>\u2981 Integrales de comercio.<br \/>\u2981 Consorcios.<br \/>\u2981 Responsabilidad civil.<br \/>\u2981 Riesgos industriales.<\/p>\n<p>[\/et_pb_text][et_pb_text content_tablet=&#8221;<\/p>\n<p style=%22text-align: left;%22>LABORALES<\/p>\n<p>&#8221; content_phone=&#8221;<\/p>\n<p style=%22text-align: left;%22>LABORALES<\/p>\n<p>&#8221; content_last_edited=&#8221;on|tablet&#8221; _builder_version=&#8221;4.27.4&#8243; _module_preset=&#8221;default&#8221; text_font=&#8221;Canaro &#8211; Bold||||||||&#8221; text_text_color=&#8221;#921815&#8243; text_font_size=&#8221;57px&#8221; text_line_height=&#8221;1.5em&#8221; header_2_font=&#8221;Canaro &#8211; Bold||||||||&#8221; header_2_text_align=&#8221;left&#8221; header_2_text_color=&#8221;#FFFFFF&#8221; header_2_font_size=&#8221;35px&#8221; width=&#8221;100%&#8221; width_tablet=&#8221;80%&#8221; width_phone=&#8221;100%&#8221; width_last_edited=&#8221;on|tablet&#8221; custom_margin=&#8221;100px||0px||false|false&#8221; text_font_size_tablet=&#8221;32px&#8221; text_font_size_phone=&#8221;28px&#8221; text_font_size_last_edited=&#8221;on|desktop&#8221; text_line_height_tablet=&#8221;52.8px&#8221; text_line_height_phone=&#8221;46.2px&#8221; text_line_height_last_edited=&#8221;on|tablet&#8221; global_colors_info=&#8221;{}&#8221;]<\/p>\n<p><span>LABORALES<\/span><\/p>\n<p>[\/et_pb_text][et_pb_text _builder_version=&#8221;4.27.4&#8243; _module_preset=&#8221;default&#8221; text_font=&#8221;Canaro &#8211; Light||||||||&#8221; text_text_color=&#8221;#3A3A3A&#8221; text_font_size=&#8221;16px&#8221; text_line_height=&#8221;48px&#8221; custom_padding=&#8221;0px||0px||true|false&#8221; custom_padding_tablet=&#8221;0px||0px||true|false&#8221; custom_padding_phone=&#8221;0px||0px||true|false&#8221; custom_padding_last_edited=&#8221;on|tablet&#8221; text_font_size_tablet=&#8221;14px&#8221; text_font_size_phone=&#8221;14px&#8221; text_font_size_last_edited=&#8221;on|tablet&#8221; text_line_height_tablet=&#8221;35px&#8221; text_line_height_phone=&#8221;35px&#8221; text_line_height_last_edited=&#8221;on|tablet&#8221; global_colors_info=&#8221;{}&#8221;]<\/p>\n<p>Vinculado a todos los seguros destinado a reparar las p\u00e9rdidas sufridas en el \u00e1mbito laboral o su actividad in it\u00edtere o en personas que trabajan en forma independiente.<br \/>\u2981\u00a0 Accidentes de Riesgo de trabajo (ART).<br \/>\u2981 Vida colectivo y obligatorio.<br \/>\u2981 Seguros de vida y accidentes personales.<\/p>\n<p>[\/et_pb_text][et_pb_text content_tablet=&#8221;<\/p>\n<p style=%22text-align: left;%22>PROYECTOS<\/p>\n<p>&#8221; content_phone=&#8221;<\/p>\n<p style=%22text-align: left;%22>PROYECTOS<\/p>\n<p>&#8221; content_last_edited=&#8221;on|tablet&#8221; _builder_version=&#8221;4.27.4&#8243; _module_preset=&#8221;default&#8221; text_font=&#8221;Canaro &#8211; Bold||||||||&#8221; text_text_color=&#8221;#921815&#8243; text_font_size=&#8221;57px&#8221; text_line_height=&#8221;1.5em&#8221; header_2_font=&#8221;Canaro &#8211; Bold||||||||&#8221; header_2_text_align=&#8221;left&#8221; header_2_text_color=&#8221;#FFFFFF&#8221; header_2_font_size=&#8221;35px&#8221; width=&#8221;100%&#8221; width_tablet=&#8221;80%&#8221; width_phone=&#8221;100%&#8221; width_last_edited=&#8221;on|tablet&#8221; custom_margin=&#8221;100px||0px||false|false&#8221; text_font_size_tablet=&#8221;32px&#8221; text_font_size_phone=&#8221;28px&#8221; text_font_size_last_edited=&#8221;on|desktop&#8221; text_line_height_tablet=&#8221;52.8px&#8221; text_line_height_phone=&#8221;46.2px&#8221; text_line_height_last_edited=&#8221;on|tablet&#8221; global_colors_info=&#8221;{}&#8221;]<\/p>\n<p>PROYECTOS<\/p>\n<p>[\/et_pb_text][et_pb_text content_tablet=&#8221;<\/p>\n<p>Estrategia y producci\u00f3n de formatos pensados para plataformas<br \/>digitales<br \/>\u2981 Video institucional \/ corporativo<br \/>\u2981 Video consejos \/ testimoniales<br \/>\u2981 Video web spot publicitario<br \/>\u2981 Video interactivos \/ promocionales<br \/>\u2981 Videos divertidos y emocionales<br \/>\u2981 Videos interactivos para redes sociales, emailing y WhatsApp.<\/p>\n<p>&#8221; content_phone=&#8221;<\/p>\n<p>Estrategia y producci\u00f3n de formatos pensados para plataformas digitales<br \/>\u2981 Video institucional \/ corporativo<br \/>\u2981 Video consejos \/ testimoniales<br \/>\u2981 Video web spot publicitario<br \/>\u2981 Video interactivos \/ promocionales<br \/>\u2981 Videos divertidos y emocionales<br \/>\u2981 Videos interactivos para redes sociales, emailing y WhatsApp<\/p>\n<p>&#8221; content_last_edited=&#8221;off|desktop&#8221; _builder_version=&#8221;4.27.4&#8243; _module_preset=&#8221;default&#8221; text_font=&#8221;Canaro &#8211; Light||||||||&#8221; text_text_color=&#8221;#3A3A3A&#8221; text_font_size=&#8221;16px&#8221; text_line_height=&#8221;48px&#8221; custom_padding=&#8221;0px||0px||true|false&#8221; custom_padding_tablet=&#8221;0px||0px||true|false&#8221; custom_padding_phone=&#8221;0px||0px||true|false&#8221; custom_padding_last_edited=&#8221;on|tablet&#8221; text_font_size_tablet=&#8221;14px&#8221; text_font_size_phone=&#8221;14px&#8221; text_font_size_last_edited=&#8221;on|tablet&#8221; text_line_height_tablet=&#8221;35px&#8221; text_line_height_phone=&#8221;35px&#8221; text_line_height_last_edited=&#8221;on|tablet&#8221; global_colors_info=&#8221;{}&#8221;]<\/p>\n<p>Vinculados a los seguros destinados a garantizar o a reparar las p\u00e9rdidas sufridas por el incumplimiento de proyectos, contratos de obra, licitaciones, etc.<br \/>\u2981 Cauciones.<\/p>\n<p>[\/et_pb_text][et_pb_text content_tablet=&#8221;<\/p>\n<p style=%22text-align: left;%22>AVALES Y GARANT\u00cdAS<\/p>\n<p>&#8221; content_phone=&#8221;<\/p>\n<p style=%22text-align: left;%22>AVALES Y<br \/>GARANT\u00cdAS<\/p>\n<p>&#8221; content_last_edited=&#8221;on|phone&#8221; _builder_version=&#8221;4.27.4&#8243; _module_preset=&#8221;default&#8221; text_font=&#8221;Canaro &#8211; Bold||||||||&#8221; text_text_color=&#8221;#921815&#8243; text_font_size=&#8221;57px&#8221; text_line_height=&#8221;1.5em&#8221; header_2_font=&#8221;Canaro &#8211; Bold||||||||&#8221; header_2_text_align=&#8221;left&#8221; header_2_text_color=&#8221;#FFFFFF&#8221; header_2_font_size=&#8221;35px&#8221; width=&#8221;100%&#8221; width_tablet=&#8221;80%&#8221; width_phone=&#8221;100%&#8221; width_last_edited=&#8221;on|tablet&#8221; custom_margin=&#8221;100px||0px||false|false&#8221; text_font_size_tablet=&#8221;32px&#8221; text_font_size_phone=&#8221;28px&#8221; text_font_size_last_edited=&#8221;on|desktop&#8221; text_line_height_tablet=&#8221;52.8px&#8221; text_line_height_phone=&#8221;46.2px&#8221; text_line_height_last_edited=&#8221;on|tablet&#8221; global_colors_info=&#8221;{}&#8221;]<\/p>\n<p>AVALES Y GARANT\u00cdAS<\/p>\n<p>[\/et_pb_text][et_pb_text _builder_version=&#8221;4.27.4&#8243; _module_preset=&#8221;default&#8221; text_font=&#8221;Canaro &#8211; Light||||||||&#8221; text_text_color=&#8221;#3A3A3A&#8221; text_font_size=&#8221;16px&#8221; text_line_height=&#8221;48px&#8221; custom_padding=&#8221;0px||0px||true|false&#8221; custom_padding_tablet=&#8221;0px||0px||true|false&#8221; custom_padding_phone=&#8221;0px||0px||true|false&#8221; custom_padding_last_edited=&#8221;on|tablet&#8221; text_font_size_tablet=&#8221;14px&#8221; text_font_size_phone=&#8221;14px&#8221; text_font_size_last_edited=&#8221;on|tablet&#8221; text_line_height_tablet=&#8221;35px&#8221; text_line_height_phone=&#8221;35px&#8221; text_line_height_last_edited=&#8221;on|tablet&#8221; global_colors_info=&#8221;{}&#8221;]<\/p>\n<p>,Vinculado a avalar pr\u00e9stamos bancarios de inversi\u00f3n productiva o capital de trabajo para empresas que no tengan patrimonio propio o teni\u00e9ndolo se encuentren en condiciones de no poder inmovilizarlo. As\u00ed como tambi\u00e9n, empresas con necesidades financieras que necesiten hacer uso del descuento de cheques en la bolsa de valores para financiar su capital de trabajo<br \/>\u2981 Garant\u00edas.<br \/>\u2981 Descuento de Cheques.<\/p>\n<p>[\/et_pb_text][et_pb_text _builder_version=&#8221;4.27.4&#8243; _module_preset=&#8221;default&#8221; text_font=&#8221;Canaro &#8211; Light||||||||&#8221; text_text_color=&#8221;#3A3A3A&#8221; text_font_size=&#8221;16px&#8221; text_line_height=&#8221;48px&#8221; custom_padding=&#8221;35px||35px||true|false&#8221; custom_padding_tablet=&#8221;0px||0px||true|false&#8221; custom_padding_phone=&#8221;0px||0px||true|false&#8221; custom_padding_last_edited=&#8221;on|tablet&#8221; text_font_size_tablet=&#8221;14px&#8221; text_font_size_phone=&#8221;14px&#8221; text_font_size_last_edited=&#8221;on|tablet&#8221; text_line_height_tablet=&#8221;35px&#8221; text_line_height_phone=&#8221;35px&#8221; text_line_height_last_edited=&#8221;on|tablet&#8221; global_colors_info=&#8221;{}&#8221;]<\/p>\n<p>Trabajamos con algunas de las mejores compa\u00f1\u00edas del mercado. Nuestras propuestas buscan ofrecerle una soluci\u00f3n integral basada en empresas de primer nivel, confiables, con respaldo y reconocida trayectoria. Empresas s\u00f3lidas que respondan ante los riesgos una vez ocurridos, generando la m\u00e1xima tranquilidad para nuestros clientes y a buen precio.<\/p>\n<p>[\/et_pb_text][\/et_pb_column][\/et_pb_row][\/et_pb_section][et_pb_section fb_built=&#8221;1&#8243; custom_padding_last_edited=&#8221;off|desktop&#8221; _builder_version=&#8221;4.27.4&#8243; _module_preset=&#8221;default&#8221; background_enable_color=&#8221;off&#8221; background_image=&#8221;https:\/\/luzconsulting.com.ar\/wp-content\/uploads\/2025\/09\/IMAGEN-INFERIOR_Brochure-Outside-1.jpg&#8221; background_position=&#8221;bottom_center&#8221; background_vertical_offset=&#8221;45%&#8221; height=&#8221;65vh&#8221; height_tablet=&#8221;50vh&#8221; height_phone=&#8221;30vh&#8221; height_last_edited=&#8221;on|phone&#8221; custom_padding_tablet=&#8221;250px||250px||true|false&#8221; custom_padding_phone=&#8221;100px||100px||true|false&#8221; background_last_edited=&#8221;on|phone&#8221; background_size_phone=&#8221;cover&#8221; background_image_width_phone=&#8221;0%&#8221; background_image_height_phone=&#8221;65%&#8221; background_vertical_offset_phone=&#8221;42%&#8221; locked=&#8221;off&#8221; global_colors_info=&#8221;{}&#8221;][\/et_pb_section]<\/p>\n","protected":false},"excerpt":{"rendered":"<p>Producci\u00f3n deSeguros y Garant\u00edasSEGUROS Y GARANT\u00cdASLuz Consulting es una consultora de negocios que brinda un asesoramiento \u00fatil de \u00abSeguros y Garant\u00edas\u00bb, que les permita a nuestros clientes elegir la opci\u00f3n m\u00e1s segura dentro de un conjunto de compa\u00f1\u00edas de primer nivel. Orientamos nuestros servicios de asesoramiento a empresas, ofreciendo una atenci\u00f3n integral y personalizada en [&hellip;]<\/p>\n","protected":false},"author":4,"featured_media":0,"parent":0,"menu_order":0,"comment_status":"closed","ping_status":"closed","template":"","meta":{"_et_pb_use_builder":"on","_et_pb_old_content":"","_et_gb_content_width":"","footnotes":""},"class_list":["post-439","page","type-page","status-publish","hentry"],"_links":{"self":[{"href":"https:\/\/luzconsulting.com.ar\/en\/wp-json\/wp\/v2\/pages\/439","targetHints":{"allow":["GET"]}}],"collection":[{"href":"https:\/\/luzconsulting.com.ar\/en\/wp-json\/wp\/v2\/pages"}],"about":[{"href":"https:\/\/luzconsulting.com.ar\/en\/wp-json\/wp\/v2\/types\/page"}],"author":[{"embeddable":true,"href":"https:\/\/luzconsulting.com.ar\/en\/wp-json\/wp\/v2\/users\/4"}],"replies":[{"embeddable":true,"href":"https:\/\/luzconsulting.com.ar\/en\/wp-json\/wp\/v2\/comments?post=439"}],"version-history":[{"count":17,"href":"https:\/\/luzconsulting.com.ar\/en\/wp-json\/wp\/v2\/pages\/439\/revisions"}],"predecessor-version":[{"id":1802,"href":"https:\/\/luzconsulting.com.ar\/en\/wp-json\/wp\/v2\/pages\/439\/revisions\/1802"}],"wp:attachment":[{"href":"https:\/\/luzconsulting.com.ar\/en\/wp-json\/wp\/v2\/media?parent=439"}],"curies":[{"name":"wp","href":"https:\/\/api.w.org\/{rel}","templated":true}]}}