{"id":407,"date":"2025-09-23T18:57:35","date_gmt":"2025-09-23T18:57:35","guid":{"rendered":"https:\/\/luzconsulting.com.ar\/?page_id=407"},"modified":"2025-10-23T16:57:49","modified_gmt":"2025-10-23T16:57:49","slug":"gestion-comercial","status":"publish","type":"page","link":"https:\/\/luzconsulting.com.ar\/en\/gestion-comercial\/","title":{"rendered":"Gesti\u00f3n Comercial"},"content":{"rendered":"<p>[et_pb_section fb_built=&#8221;1&#8243; custom_padding_last_edited=&#8221;off|desktop&#8221; admin_label=&#8221;Banner&#8221; _builder_version=&#8221;4.27.4&#8243; _module_preset=&#8221;default&#8221; background_image=&#8221;https:\/\/luzconsulting.com.ar\/wp-content\/uploads\/2025\/09\/PORTADA-1-1.jpg&#8221; min_height_tablet=&#8221;&#8221; min_height_phone=&#8221;&#8221; min_height_last_edited=&#8221;on|desktop&#8221; height=&#8221;100vh&#8221; height_tablet=&#8221;80vh&#8221; height_phone=&#8221;70vh&#8221; height_last_edited=&#8221;on|phone&#8221; max_height_tablet=&#8221;&#8221; max_height_phone=&#8221;&#8221; max_height_last_edited=&#8221;on|desktop&#8221; custom_margin=&#8221;0px||0px||false|false&#8221; custom_padding_tablet=&#8221;280px||280px||true|false&#8221; custom_padding_phone=&#8221;235px||0px||false|false&#8221; background_last_edited=&#8221;on|tablet&#8221; background_position_tablet=&#8221;center_left&#8221; background_position_phone=&#8221;center&#8221; background_horizontal_offset_phone=&#8221;50%&#8221; global_colors_info=&#8221;{}&#8221;][et_pb_row custom_padding_last_edited=&#8221;off|tablet&#8221; _builder_version=&#8221;4.27.4&#8243; _module_preset=&#8221;default&#8221; positioning=&#8221;none&#8221; max_width=&#8221;80%&#8221; custom_margin=&#8221;10%|auto||auto|false|false&#8221; custom_margin_tablet=&#8221;200px|auto||auto|false|false&#8221; custom_margin_phone=&#8221;400px||||false|false&#8221; custom_margin_last_edited=&#8221;on|phone&#8221; custom_padding=&#8221;||||false|false&#8221; custom_padding_tablet=&#8221;||||false|false&#8221; custom_padding_phone=&#8221;||||false|false&#8221; global_colors_info=&#8221;{}&#8221;][et_pb_column type=&#8221;4_4&#8243; _builder_version=&#8221;4.27.4&#8243; _module_preset=&#8221;default&#8221; global_colors_info=&#8221;{}&#8221;][et_pb_text content_tablet=&#8221;<\/p>\n<p>Gesti\u00f3n<\/p>\n<p>&#8221; content_phone=&#8221;<\/p>\n<p>Gesti\u00f3n Comercial<\/p>\n<p>&#8221; content_last_edited=&#8221;on|phone&#8221; _builder_version=&#8221;4.27.4&#8243; _module_preset=&#8221;default&#8221; text_font=&#8221;Canaro &#8211; SemiBold||||||||&#8221; text_text_color=&#8221;#FFFFFF&#8221; text_font_size=&#8221;70px&#8221; text_line_height=&#8221;1em&#8221; custom_margin=&#8221;||5px||false|false&#8221; text_font_size_tablet=&#8221;70px&#8221; text_font_size_phone=&#8221;33px&#8221; text_font_size_last_edited=&#8221;on|phone&#8221; global_colors_info=&#8221;{}&#8221; text_font_size__hover_enabled=&#8221;off|desktop&#8221;]<\/p>\n<p>Gesti\u00f3n<\/p>\n<p>[\/et_pb_text][et_pb_text disabled_on=&#8221;on|off|off&#8221; _builder_version=&#8221;4.27.4&#8243; _module_preset=&#8221;default&#8221; text_font=&#8221;Canaro &#8211; SemiBold||||||||&#8221; text_text_color=&#8221;#FFFFFF&#8221; text_font_size=&#8221;90px&#8221; text_line_height=&#8221;1.5em&#8221; custom_margin=&#8221;||5px||false|false&#8221; text_font_size_tablet=&#8221;90px&#8221; text_font_size_phone=&#8221;33px&#8221; text_font_size_last_edited=&#8221;on|phone&#8221; global_colors_info=&#8221;{}&#8221; text_font_size__hover_enabled=&#8221;off|desktop&#8221;]<\/p>\n<p>Comercial<\/p>\n<p>[\/et_pb_text][et_pb_divider color=&#8221;#981815&#8243; divider_weight=&#8221;3px&#8221; _builder_version=&#8221;4.27.4&#8243; _module_preset=&#8221;default&#8221; width=&#8221;40%&#8221; width_tablet=&#8221;85%&#8221; width_phone=&#8221;100%&#8221; width_last_edited=&#8221;on|tablet&#8221; max_width_tablet=&#8221;&#8221; max_width_phone=&#8221;&#8221; max_width_last_edited=&#8221;on|tablet&#8221; custom_margin=&#8221;||0px||false|false&#8221; custom_padding=&#8221;||||false|false&#8221; global_colors_info=&#8221;{}&#8221;][\/et_pb_divider][\/et_pb_column][\/et_pb_row][\/et_pb_section][et_pb_section fb_built=&#8221;1&#8243; custom_padding_last_edited=&#8221;on|phone&#8221; admin_label=&#8221;Empresa&#8221; module_id=&#8221;empresa&#8221; _builder_version=&#8221;4.27.4&#8243; _module_preset=&#8221;default&#8221; background_color=&#8221;#2a2d34&#8243; custom_padding=&#8221;150px||150px||true|&#8221; custom_padding_tablet=&#8221;70px||70px||true|false&#8221; custom_padding_phone=&#8221;30px||30px||true|false&#8221; global_colors_info=&#8221;{}&#8221;][et_pb_row _builder_version=&#8221;4.27.4&#8243; _module_preset=&#8221;default&#8221; max_width=&#8221;80%&#8221; global_colors_info=&#8221;{}&#8221;][et_pb_column type=&#8221;4_4&#8243; _builder_version=&#8221;4.27.4&#8243; _module_preset=&#8221;default&#8221; global_colors_info=&#8221;{}&#8221;][et_pb_text disabled_on=&#8221;on|off|off&#8221; _builder_version=&#8221;4.27.4&#8243; _module_preset=&#8221;default&#8221; header_2_font=&#8221;Canaro &#8211; Bold||||||||&#8221; header_2_text_align=&#8221;left&#8221; header_2_text_color=&#8221;#FFFFFF&#8221; header_2_font_size=&#8221;34px&#8221; custom_margin=&#8221;||0px||false|false&#8221; header_2_font_size_tablet=&#8221;34px&#8221; header_2_font_size_phone=&#8221;34px&#8221; header_2_font_size_last_edited=&#8221;on|tablet&#8221; global_colors_info=&#8221;{}&#8221;]<\/p>\n<h2><span>GESTI\u00d3N COMERCIAL<\/span><\/h2>\n<p>[\/et_pb_text][et_pb_divider color=&#8221;#96291a&#8221; divider_weight=&#8221;3px&#8221; divider_weight_tablet=&#8221;3px&#8221; divider_weight_phone=&#8221;3px&#8221; divider_weight_last_edited=&#8221;on|tablet&#8221; disabled_on=&#8221;on|off|off&#8221; _builder_version=&#8221;4.27.4&#8243; _module_preset=&#8221;default&#8221; position_origin_a=&#8221;center_left&#8221; position_origin_f=&#8221;bottom_left&#8221; horizontal_offset=&#8221;-1155px&#8221; horizontal_offset_tablet=&#8221;-80px&#8221; horizontal_offset_phone=&#8221;-80px&#8221; horizontal_offset_last_edited=&#8221;on|tablet&#8221; width=&#8221;100%&#8221; width_tablet=&#8221;74%&#8221; width_phone=&#8221;80%&#8221; width_last_edited=&#8221;on|tablet&#8221; module_alignment=&#8221;left&#8221; custom_margin=&#8221;0px||0px||false|false&#8221; global_colors_info=&#8221;{}&#8221;][\/et_pb_divider][et_pb_text _builder_version=&#8221;4.27.4&#8243; _module_preset=&#8221;default&#8221; text_font=&#8221;Canaro &#8211; Light||||||||&#8221; text_text_color=&#8221;#FFFFFF&#8221; text_font_size=&#8221;16px&#8221; text_line_height=&#8221;50px&#8221; max_width=&#8221;97%&#8221; max_width_tablet=&#8221;97%&#8221; max_width_phone=&#8221;100%&#8221; max_width_last_edited=&#8221;on|phone&#8221; text_line_height_tablet=&#8221;50px&#8221; text_line_height_phone=&#8221;35px&#8221; text_line_height_last_edited=&#8221;on|phone&#8221; global_colors_info=&#8221;{}&#8221; hover_enabled=&#8221;0&#8243; sticky_enabled=&#8221;0&#8243;]<\/p>\n<p>Luz Consulting es una consultora de negocios especializada en el dise\u00f1o y desarrollo de planes comerciales y de comercio exterior. Fortalecemos los planes dise\u00f1ados por medio de la elaboraci\u00f3n de herramientas de marketing aplicadas apoy\u00e1ndonos en nuestros asociados con la finalidad de imprimir integraci\u00f3n a las estrategias.<\/p>\n<p>[\/et_pb_text][\/et_pb_column][\/et_pb_row][\/et_pb_section][et_pb_section fb_built=&#8221;1&#8243; admin_label=&#8221;Empresa&#8221; module_id=&#8221;empresa&#8221; _builder_version=&#8221;4.27.4&#8243; _module_preset=&#8221;default&#8221; background_color=&#8221;RGBA(255,255,255,0)&#8221; custom_padding=&#8221;0px||0px||true|false&#8221; global_colors_info=&#8221;{}&#8221;][et_pb_row custom_padding_last_edited=&#8221;on|tablet&#8221; _builder_version=&#8221;4.27.4&#8243; _module_preset=&#8221;default&#8221; max_width=&#8221;80%&#8221; max_width_tablet=&#8221;75%&#8221; max_width_phone=&#8221;100%&#8221; max_width_last_edited=&#8221;on|tablet&#8221; custom_padding=&#8221;150px||150px||true|false&#8221; custom_padding_tablet=&#8221;75px||75px||true|false&#8221; custom_padding_phone=&#8221;75px||75px||true|false&#8221; global_colors_info=&#8221;{}&#8221;][et_pb_column type=&#8221;4_4&#8243; _builder_version=&#8221;4.27.4&#8243; _module_preset=&#8221;default&#8221; global_colors_info=&#8221;{}&#8221;][et_pb_text content_tablet=&#8221;<\/p>\n<p style=%22text-align: left;%22>MARKETING \/ COMERCIAL<\/p>\n<p>&#8221; content_phone=&#8221;<\/p>\n<p style=%22text-align: left;%22>MARKETING \/ COMERCIAL<\/p>\n<p>&#8221; content_last_edited=&#8221;on|tablet&#8221; _builder_version=&#8221;4.27.4&#8243; _module_preset=&#8221;default&#8221; text_font=&#8221;Canaro &#8211; Bold||||||||&#8221; text_text_color=&#8221;#921815&#8243; text_font_size=&#8221;57px&#8221; text_line_height=&#8221;1.5em&#8221; header_2_font=&#8221;Canaro &#8211; Bold||||||||&#8221; header_2_text_align=&#8221;left&#8221; header_2_text_color=&#8221;#FFFFFF&#8221; header_2_font_size=&#8221;35px&#8221; width=&#8221;80%&#8221; width_tablet=&#8221;80%&#8221; width_phone=&#8221;80%&#8221; width_last_edited=&#8221;on|tablet&#8221; custom_margin=&#8221;||0px||false|false&#8221; custom_padding_tablet=&#8221;||10px||false|false&#8221; custom_padding_phone=&#8221;||10px||false|false&#8221; custom_padding_last_edited=&#8221;on|tablet&#8221; text_font_size_tablet=&#8221;32px&#8221; text_font_size_phone=&#8221;28px&#8221; text_font_size_last_edited=&#8221;on|desktop&#8221; text_line_height_tablet=&#8221;52.8px&#8221; text_line_height_phone=&#8221;46.2px&#8221; text_line_height_last_edited=&#8221;on|tablet&#8221; text_orientation_tablet=&#8221;center&#8221; text_orientation_phone=&#8221;center&#8221; text_orientation_last_edited=&#8221;on|tablet&#8221; global_colors_info=&#8221;{}&#8221;]<\/p>\n<p>MARKETING \/ COMERCIAL<\/p>\n<p>[\/et_pb_text][et_pb_text _builder_version=&#8221;4.27.4&#8243; _module_preset=&#8221;default&#8221; text_font=&#8221;Canaro &#8211; Light||||||||&#8221; text_text_color=&#8221;#3A3A3A&#8221; text_font_size=&#8221;16px&#8221; text_line_height=&#8221;48px&#8221; custom_padding=&#8221;0px||0px||true|false&#8221; custom_padding_tablet=&#8221;0px||0px||true|false&#8221; custom_padding_phone=&#8221;0px||0px||true|false&#8221; custom_padding_last_edited=&#8221;on|tablet&#8221; text_font_size_tablet=&#8221;14px&#8221; text_font_size_phone=&#8221;14px&#8221; text_font_size_last_edited=&#8221;on|tablet&#8221; text_line_height_tablet=&#8221;35px&#8221; text_line_height_phone=&#8221;35px&#8221; text_line_height_last_edited=&#8221;on|tablet&#8221; global_colors_info=&#8221;{}&#8221;]<\/p>\n<p>\u2981 Investigaci\u00f3n, an\u00e1lisis, dise\u00f1o, formulaci\u00f3n, desarrollo e implementaci\u00f3n de planes de negocios y estrategias comerciales.<br \/>\u2981 Estrategias de marketing para proyectos y desarrollos de negocios.<br \/>\u2981 Investigaciones de Mercado.<br \/>\u2981 Producto, publicidad, promoci\u00f3n, pol\u00edticas precio y de plaza \/ distribuci\u00f3n.<br \/>\u2981 An\u00e1lisis de demanda, target y perfil de consumidores.<br \/>\u2981 An\u00e1lisis de oferta de productos y servicios.<br \/>\u2981 An\u00e1lisis de mercado meta internacional.<br \/>\u2981 Elaboraci\u00f3n de planes de negocio internacionales.<br \/>\u2981 An\u00e1lisis de viabilidad y competitividad.<br \/>\u2981 Preparaci\u00f3n de la oferta exportadora.<br \/>\u2981 Alianzas estrat\u00e9gicas y desarrollo de Resellers.<\/p>\n<p>[\/et_pb_text][et_pb_text content_tablet=&#8221;<\/p>\n<p style=%22text-align: left;%22>PLATAFORMA DE<br \/>COMUNICACI\u00d3N<br \/>ESTRAT\u00c9GICA<\/p>\n<p>&#8221; content_phone=&#8221;<\/p>\n<p style=%22text-align: left;%22>PLATAFORMA DE COMUNICACI\u00d3N ESTRAT\u00c9GICA<\/p>\n<p>&#8221; content_last_edited=&#8221;on|tablet&#8221; _builder_version=&#8221;4.27.4&#8243; _module_preset=&#8221;default&#8221; text_font=&#8221;Canaro &#8211; Bold||||||||&#8221; text_text_color=&#8221;#921815&#8243; text_font_size=&#8221;57px&#8221; text_line_height=&#8221;1.5em&#8221; header_2_font=&#8221;Canaro &#8211; Bold||||||||&#8221; header_2_text_align=&#8221;left&#8221; header_2_text_color=&#8221;#FFFFFF&#8221; header_2_font_size=&#8221;35px&#8221; width=&#8221;100%&#8221; width_tablet=&#8221;80%&#8221; width_phone=&#8221;100%&#8221; width_last_edited=&#8221;on|tablet&#8221; custom_margin=&#8221;100px||0px||false|false&#8221; text_font_size_tablet=&#8221;32px&#8221; text_font_size_phone=&#8221;28px&#8221; text_font_size_last_edited=&#8221;on|desktop&#8221; text_line_height_tablet=&#8221;52.8px&#8221; text_line_height_phone=&#8221;46.2px&#8221; text_line_height_last_edited=&#8221;on|tablet&#8221; global_colors_info=&#8221;{}&#8221;]<\/p>\n<p><span>PLATAFORMA DE<br \/>COMUNICACI\u00d3N ESTRAT\u00c9GICA<\/span><\/p>\n<p>[\/et_pb_text][et_pb_text _builder_version=&#8221;4.27.4&#8243; _module_preset=&#8221;default&#8221; text_font=&#8221;Canaro &#8211; Light||||||||&#8221; text_text_color=&#8221;#3A3A3A&#8221; text_font_size=&#8221;16px&#8221; text_line_height=&#8221;48px&#8221; custom_padding=&#8221;0px||0px||true|false&#8221; custom_padding_tablet=&#8221;0px||0px||true|false&#8221; custom_padding_phone=&#8221;0px||0px||true|false&#8221; custom_padding_last_edited=&#8221;on|tablet&#8221; text_font_size_tablet=&#8221;14px&#8221; text_font_size_phone=&#8221;14px&#8221; text_font_size_last_edited=&#8221;on|tablet&#8221; text_line_height_tablet=&#8221;35px&#8221; text_line_height_phone=&#8221;35px&#8221; text_line_height_last_edited=&#8221;on|tablet&#8221; global_colors_info=&#8221;{}&#8221;]<\/p>\n<p>\u2981 An\u00e1lisis, dise\u00f1o y desarrollo de herramientas comerciales.<\/p>\n<p>[\/et_pb_text][et_pb_text content_tablet=&#8221;<\/p>\n<p style=%22text-align: left;%22>VIDEO MARKETING<\/p>\n<p>&#8221; content_phone=&#8221;<\/p>\n<p style=%22text-align: left;%22>VIDEO MARKETING<\/p>\n<p>&#8221; content_last_edited=&#8221;on|tablet&#8221; _builder_version=&#8221;4.27.4&#8243; _module_preset=&#8221;default&#8221; text_font=&#8221;Canaro &#8211; Bold||||||||&#8221; text_text_color=&#8221;#921815&#8243; text_font_size=&#8221;57px&#8221; text_line_height=&#8221;1.5em&#8221; header_2_font=&#8221;Canaro &#8211; Bold||||||||&#8221; header_2_text_align=&#8221;left&#8221; header_2_text_color=&#8221;#FFFFFF&#8221; header_2_font_size=&#8221;35px&#8221; width=&#8221;100%&#8221; width_tablet=&#8221;80%&#8221; width_phone=&#8221;100%&#8221; width_last_edited=&#8221;on|tablet&#8221; custom_margin=&#8221;100px||0px||false|false&#8221; text_font_size_tablet=&#8221;32px&#8221; text_font_size_phone=&#8221;28px&#8221; text_font_size_last_edited=&#8221;on|desktop&#8221; text_line_height_tablet=&#8221;52.8px&#8221; text_line_height_phone=&#8221;46.2px&#8221; text_line_height_last_edited=&#8221;on|tablet&#8221; global_colors_info=&#8221;{}&#8221;]<\/p>\n<p>VIDEO MARKETING<\/p>\n<p>[\/et_pb_text][et_pb_text content_tablet=&#8221;<\/p>\n<p>Estrategia y producci\u00f3n de formatos pensados para plataformas<br \/>digitales<br \/>\u2981 Video institucional \/ corporativo<br \/>\u2981 Video consejos \/ testimoniales<br \/>\u2981 Video web spot publicitario<br \/>\u2981 Video interactivos \/ promocionales<br \/>\u2981 Videos divertidos y emocionales<br \/>\u2981  Videos interactivos para redes sociales, emailing y WhatsApp.<\/p>\n<p>&#8221; content_phone=&#8221;<\/p>\n<p>Estrategia y producci\u00f3n de formatos pensados para plataformas digitales<br \/>\u2981 Video institucional \/ corporativo<br \/>\u2981 Video consejos \/ testimoniales<br \/>\u2981 Video web spot publicitario<br \/>\u2981 Video interactivos \/ promocionales<br \/>\u2981 Videos divertidos y emocionales<br \/>\u2981 Videos interactivos para redes sociales, emailing y WhatsApp<\/p>\n<p>&#8221; content_last_edited=&#8221;on|tablet&#8221; _builder_version=&#8221;4.27.4&#8243; _module_preset=&#8221;default&#8221; text_font=&#8221;Canaro &#8211; Light||||||||&#8221; text_text_color=&#8221;#3A3A3A&#8221; text_font_size=&#8221;16px&#8221; text_line_height=&#8221;48px&#8221; custom_padding=&#8221;0px||0px||true|false&#8221; custom_padding_tablet=&#8221;0px||0px||true|false&#8221; custom_padding_phone=&#8221;0px||0px||true|false&#8221; custom_padding_last_edited=&#8221;on|tablet&#8221; text_font_size_tablet=&#8221;14px&#8221; text_font_size_phone=&#8221;14px&#8221; text_font_size_last_edited=&#8221;on|tablet&#8221; text_line_height_tablet=&#8221;35px&#8221; text_line_height_phone=&#8221;35px&#8221; text_line_height_last_edited=&#8221;on|tablet&#8221; global_colors_info=&#8221;{}&#8221;]<\/p>\n<p>Estrategia y producci\u00f3n de formatos pensados para plataformas digitales<br \/>\u2981 Video institucional \/ corporativo.<br \/>\u2981 Video consejos \/ testimoniales.<br \/>\u2981 Video web spot publicitario.<br \/>\u2981 Video interactivos \/ promocionales.<br \/>\u2981 Videos divertidos y emocionales.<br \/>\u2981\u00a0 Videos interactivos para redes sociales, emailing y WhatsApp.<\/p>\n<p>[\/et_pb_text][et_pb_text content_tablet=&#8221;<\/p>\n<p style=%22text-align: left;%22>SELECCI\u00d3N Y CAPACITACI\u00d3N DE FUERZA DE VENTAS<\/p>\n<p>&#8221; content_phone=&#8221;<\/p>\n<p style=%22text-align: left;%22>SELECCI\u00d3N Y CAPACITACI\u00d3N DE FUERZA DE VENTAS<\/p>\n<p>&#8221; content_last_edited=&#8221;on|phone&#8221; _builder_version=&#8221;4.27.4&#8243; _module_preset=&#8221;default&#8221; text_font=&#8221;Canaro &#8211; Bold||||||||&#8221; text_text_color=&#8221;#921815&#8243; text_font_size=&#8221;57px&#8221; text_line_height=&#8221;1.5em&#8221; header_2_font=&#8221;Canaro &#8211; Bold||||||||&#8221; header_2_text_align=&#8221;left&#8221; header_2_text_color=&#8221;#FFFFFF&#8221; header_2_font_size=&#8221;35px&#8221; width=&#8221;100%&#8221; width_tablet=&#8221;80%&#8221; width_phone=&#8221;100%&#8221; width_last_edited=&#8221;on|tablet&#8221; custom_margin=&#8221;100px||0px||false|false&#8221; text_font_size_tablet=&#8221;32px&#8221; text_font_size_phone=&#8221;28px&#8221; text_font_size_last_edited=&#8221;on|desktop&#8221; text_line_height_tablet=&#8221;52.8px&#8221; text_line_height_phone=&#8221;46.2px&#8221; text_line_height_last_edited=&#8221;on|tablet&#8221; global_colors_info=&#8221;{}&#8221;]<\/p>\n<p>SELECCI\u00d3N Y CAPACITACI\u00d3N<br \/>DE FUERZA DE VENTAS<\/p>\n<p>[\/et_pb_text][et_pb_text _builder_version=&#8221;4.27.4&#8243; _module_preset=&#8221;default&#8221; text_font=&#8221;Canaro &#8211; Light||||||||&#8221; text_text_color=&#8221;#3A3A3A&#8221; text_font_size=&#8221;16px&#8221; text_line_height=&#8221;48px&#8221; custom_padding=&#8221;0px||0px||true|false&#8221; custom_padding_tablet=&#8221;0px||0px||true|false&#8221; custom_padding_phone=&#8221;0px||0px||true|false&#8221; custom_padding_last_edited=&#8221;on|tablet&#8221; text_font_size_tablet=&#8221;14px&#8221; text_font_size_phone=&#8221;14px&#8221; text_font_size_last_edited=&#8221;on|tablet&#8221; text_line_height_tablet=&#8221;35px&#8221; text_line_height_phone=&#8221;35px&#8221; text_line_height_last_edited=&#8221;on|tablet&#8221; global_colors_info=&#8221;{}&#8221;]<\/p>\n<p>\u2981 Diagn\u00f3stico y evaluaci\u00f3n de fuerzas de ventas.<br \/>\u2981 Capacitaci\u00f3n de fuerza de ventas.<br \/>\u2981 Selecci\u00f3n de RRHH.<\/p>\n<p>[\/et_pb_text][et_pb_text content_tablet=&#8221;<\/p>\n<p style=%22text-align: left;%22>MYSTERY SHOPPER \/ CLIENTE MISTERIOSO<\/p>\n<p>&#8221; content_phone=&#8221;<\/p>\n<p>MYSTERY SHOPPER \/ CLIENTE MISTERIOSO<\/p>\n<p>&#8221; content_last_edited=&#8221;on|phone&#8221; _builder_version=&#8221;4.27.4&#8243; _module_preset=&#8221;default&#8221; text_font=&#8221;Canaro &#8211; Bold||||||||&#8221; text_text_color=&#8221;#921815&#8243; text_font_size=&#8221;57px&#8221; text_line_height=&#8221;1.5em&#8221; header_2_font=&#8221;Canaro &#8211; Bold||||||||&#8221; header_2_text_align=&#8221;left&#8221; header_2_text_color=&#8221;#FFFFFF&#8221; header_2_font_size=&#8221;35px&#8221; width=&#8221;100%&#8221; width_tablet=&#8221;80%&#8221; width_phone=&#8221;100%&#8221; width_last_edited=&#8221;on|tablet&#8221; custom_margin=&#8221;100px||0px||false|false&#8221; text_font_size_tablet=&#8221;32px&#8221; text_font_size_phone=&#8221;28px&#8221; text_font_size_last_edited=&#8221;on|desktop&#8221; text_line_height_tablet=&#8221;52.8px&#8221; text_line_height_phone=&#8221;46.2px&#8221; text_line_height_last_edited=&#8221;on|tablet&#8221; global_colors_info=&#8221;{}&#8221;]<\/p>\n<p>MYSTERY SHOPPER \/<br \/>CLIENTE MISTERIOSO<\/p>\n<p>[\/et_pb_text][et_pb_text content_tablet=&#8221;<\/p>\n<p>La mejor manera de evaluar el servicio de tu empresa y mejorar la<br \/>eficiencia comercial<br \/>\u2981 Mystery Shopper o %22Cliente misterioso%22: Visitas a las empresas o comercios para evaluar la atenci\u00f3n al cliente y la fuerza de ventas.<br \/>\u2981 Mystery Guest o %22Hu\u00e9sped misterioso%22: T\u00e9cnicas aplicadas para evaluar la calidad de los servicios de alojamiento y gastronom\u00eda.<br \/>\u2981 Mystery Calling o %22Llamadas misteriosas%22: Haci\u00e9ndonos pasar por clientes evaluamos el servicio y la atenci\u00f3n telef\u00f3nica.<br \/>\u2981 Mystery Web, Online y Redes sociales: Comprobamos la experiencia de ponerse en contacto, comprar, solicitar informaci\u00f3n con tu empresa mediante su plataforma digital.<br \/>\u2981 Informe Integral: Resultados cualitativos, cuantitativos, an\u00e1lisis y dise\u00f1o de mejoras estrat\u00e9gicas.<\/p>\n<p>&#8221; content_phone=&#8221;<\/p>\n<p>La mejor manera de evaluar el servicio de tu empresa y mejorar la eficiencia comercial<br \/>\u2981 Mystery Shopper o %22Cliente misterioso%22: Visitas a las empresas o comercios para evaluar la atenci\u00f3n al cliente y la fuerza de ventas<br \/>\u2981 Mystery Guest o %22Hu\u00e9sped misterioso%22: T\u00e9cnicas aplicadas para evaluar la calidad de los servicios de alojamiento y gastronom\u00eda<br \/>\u2981 Mystery Calling o %22Llamadas misteriosas%22: Haci\u00e9ndonos pasar por clientes evaluamos el servicio y la atenci\u00f3n telef\u00f3nica<br \/>\u2981 Mystery Web, Online y Redes sociales: Comprobamos la experiencia de ponerse en contacto, comprar, solicitar informaci\u00f3n con tu empresa mediante su plataforma digital<br \/>\u2981 Informe Integral: Resultados cualitativos, cuantitativos, an\u00e1lisis y dise\u00f1o de mejoras estrat\u00e9gicas<\/p>\n<p>&#8221; content_last_edited=&#8221;on|tablet&#8221; _builder_version=&#8221;4.27.4&#8243; _module_preset=&#8221;default&#8221; text_font=&#8221;Canaro &#8211; Light||||||||&#8221; text_text_color=&#8221;#3A3A3A&#8221; text_font_size=&#8221;16px&#8221; text_line_height=&#8221;48px&#8221; custom_padding=&#8221;0px||0px||true|false&#8221; custom_padding_tablet=&#8221;0px||0px||true|false&#8221; custom_padding_phone=&#8221;0px||0px||true|false&#8221; custom_padding_last_edited=&#8221;on|tablet&#8221; text_font_size_tablet=&#8221;14px&#8221; text_font_size_phone=&#8221;14px&#8221; text_font_size_last_edited=&#8221;on|tablet&#8221; text_line_height_tablet=&#8221;35px&#8221; text_line_height_phone=&#8221;35px&#8221; text_line_height_last_edited=&#8221;on|tablet&#8221; global_colors_info=&#8221;{}&#8221;]<\/p>\n<p>La mejor manera de evaluar el servicio de tu empresa y mejorar la eficiencia comercial<br \/>\u2981 Mystery Shopper o &#8220;Cliente misterioso&#8221;: Visitas a las empresas o comercios para evaluar la atenci\u00f3n al cliente y la fuerza de ventas.<br \/>\u2981 Mystery Guest o &#8220;Hu\u00e9sped misterioso&#8221;: T\u00e9cnicas aplicadas para evaluar la calidad de los servicios de alojamiento y gastronom\u00eda.<br \/>\u2981 Mystery Calling o &#8220;Llamadas misteriosas&#8221;: Haci\u00e9ndonos pasar por clientes evaluamos el servicio y la atenci\u00f3n telef\u00f3nica.<br \/>\u2981 Mystery Web, Online y Redes sociales: Comprobamos la experiencia de ponerse en contacto, comprar, solicitar informaci\u00f3n con tu empresa mediante su plataforma digital.<br \/>\u2981 Informe Integral: Resultados cualitativos, cuantitativos, an\u00e1lisis y dise\u00f1o de mejoras estrat\u00e9gicas.<\/p>\n<p>[\/et_pb_text][\/et_pb_column][\/et_pb_row][\/et_pb_section][et_pb_section fb_built=&#8221;1&#8243; custom_padding_last_edited=&#8221;off|desktop&#8221; _builder_version=&#8221;4.27.4&#8243; _module_preset=&#8221;default&#8221; background_enable_color=&#8221;off&#8221; background_image=&#8221;https:\/\/luzconsulting.com.ar\/wp-content\/uploads\/2025\/09\/IMAGEN-INFERIOR_Brochure-Outside-1.jpg&#8221; background_position=&#8221;bottom_center&#8221; background_vertical_offset=&#8221;45%&#8221; height=&#8221;65vh&#8221; height_tablet=&#8221;50vh&#8221; height_phone=&#8221;30vh&#8221; height_last_edited=&#8221;on|phone&#8221; custom_padding_tablet=&#8221;250px||250px||true|false&#8221; custom_padding_phone=&#8221;100px||100px||true|false&#8221; background_last_edited=&#8221;on|phone&#8221; background_size_phone=&#8221;cover&#8221; background_image_width_phone=&#8221;0%&#8221; background_image_height_phone=&#8221;65%&#8221; background_vertical_offset_phone=&#8221;42%&#8221; global_colors_info=&#8221;{}&#8221;][\/et_pb_section]<\/p>\n","protected":false},"excerpt":{"rendered":"<p>Gesti\u00f3nComercialGESTI\u00d3N COMERCIALLuz Consulting es una consultora de negocios especializada en el dise\u00f1o y desarrollo de planes comerciales y de comercio exterior. Fortalecemos los planes dise\u00f1ados por medio de la elaboraci\u00f3n de herramientas de marketing aplicadas apoy\u00e1ndonos en nuestros asociados con la finalidad de imprimir integraci\u00f3n a las estrategias.MARKETING \/ COMERCIAL\u2981 Investigaci\u00f3n, an\u00e1lisis, dise\u00f1o, formulaci\u00f3n, desarrollo [&hellip;]<\/p>\n","protected":false},"author":4,"featured_media":0,"parent":0,"menu_order":0,"comment_status":"closed","ping_status":"closed","template":"","meta":{"_et_pb_use_builder":"on","_et_pb_old_content":"","_et_gb_content_width":"","footnotes":""},"class_list":["post-407","page","type-page","status-publish","hentry"],"_links":{"self":[{"href":"https:\/\/luzconsulting.com.ar\/en\/wp-json\/wp\/v2\/pages\/407","targetHints":{"allow":["GET"]}}],"collection":[{"href":"https:\/\/luzconsulting.com.ar\/en\/wp-json\/wp\/v2\/pages"}],"about":[{"href":"https:\/\/luzconsulting.com.ar\/en\/wp-json\/wp\/v2\/types\/page"}],"author":[{"embeddable":true,"href":"https:\/\/luzconsulting.com.ar\/en\/wp-json\/wp\/v2\/users\/4"}],"replies":[{"embeddable":true,"href":"https:\/\/luzconsulting.com.ar\/en\/wp-json\/wp\/v2\/comments?post=407"}],"version-history":[{"count":27,"href":"https:\/\/luzconsulting.com.ar\/en\/wp-json\/wp\/v2\/pages\/407\/revisions"}],"predecessor-version":[{"id":1796,"href":"https:\/\/luzconsulting.com.ar\/en\/wp-json\/wp\/v2\/pages\/407\/revisions\/1796"}],"wp:attachment":[{"href":"https:\/\/luzconsulting.com.ar\/en\/wp-json\/wp\/v2\/media?parent=407"}],"curies":[{"name":"wp","href":"https:\/\/api.w.org\/{rel}","templated":true}]}}